{"id":6480,"date":"2023-05-24T14:57:10","date_gmt":"2023-05-24T12:57:10","guid":{"rendered":"https:\/\/www.camping-la-rochelle.com\/activities-la-rochelle\/inter-island-cruise\/"},"modified":"2023-05-24T17:10:13","modified_gmt":"2023-05-24T15:10:13","slug":"inter-island-cruise","status":"publish","type":"page","link":"https:\/\/www.camping-la-rochelle.com\/en\/activities-la-rochelle\/inter-island-cruise\/","title":{"rendered":"Inter-island cruise (sea rides \/ excursions)"},"content":{"rendered":"<section id=\"ls-section-block_899bbe2088587a312bec0848cb35a5bb\" class=\"ls-section  home-first page-one\" >\r\n        <div class=\"container container--full\">\r\n        \n\n<div class=\"wp-block-columns is-layout-flex wp-container-core-columns-is-layout-9d6595d7 wp-block-columns-is-layout-flex\">\n<div class=\"wp-block-column is-vertically-aligned-top has-color-white-background-color has-background is-layout-flow wp-block-column-is-layout-flow\">\n<h1 class=\"ls__heading wp-block-heading has-text-align-center beaulieu-tour-la-rochelle\">Inter island cruises<\/h1>\n\n\n\n<h2 class=\"ls__heading wp-block-heading has-text-align-center\">Discover the Inter Islands cruises<\/h2>\n\n\n\n<p class=\"ls-paragraph\"><strong>Inter-island cruises<\/strong> offer boat <strong>trips <\/strong>departing from the port of <a href=\"https:\/\/www.camping-la-rochelle.com\/en\/\">La Rochelle<\/a>, but also from the ports of Saint-Martin-de-R\u00e9, La Tranche-sur-Mer, Boyardville and Saint-Denis d&#8217;Ol\u00e9ron. The company is also present in Vend\u00e9e. The fleet of the company<strong> Inter \u00celes<\/strong> is composed of recent and comfortable boats allowing commented cruises. They are equipped with toilets, sheltered panoramic lounges and upper decks fitted out as solariums. Their capacity is between 184 and 336 passengers. The<strong> ship l&#8217;Esp\u00e9rance<\/strong> is regularly dedicated to private receptions at sea or on the quay. Round-trip excursions with a shipping company can also be done from a wild coast near the island of Noirmoutier. You can also realize connections on board of ships and catamaran during accompanied sea trip.<\/p>\n<\/div>\n\n\n\n<div class=\"wp-block-column is-vertically-aligned-center p-t-6 is-layout-flow wp-block-column-is-layout-flow\">\n<iframe width=\"1230\" height=\"450\" src=\"https:\/\/www.youtube.com\/embed\/XFwnzP6dsSY\" title=\"INTER-ISLAND CRUISES\" frameborder=\"0\" allow=\"accelerometer; autoplay; clipboard-write; encrypted-media; gyroscope; picture-in-picture; web-share\" allowfullscreen=\"\"><\/iframe>\n<\/div>\n<\/div>\n\n\r\n    <\/div>\r\n<\/section><section id=\"ls-section-block_2cc373de991e0cf35ebdcd1f62fe4587\" class=\"ls-section  home-second page-two m-b-0 m-t-0 has-background-image has-parallax has-background has-color-5-background-color\" >\r\n    <div class=\"ls-section__background-image opacity-100\"><img decoding=\"async\" src=\"https:\/\/www.camping-la-rochelle.com\/wp-content\/uploads\/2023\/05\/visiter-les-iles-autour-de-la-rochelle.jpg\" alt=\"visites des iles autour de la rochelle\"><\/div>    <div class=\"container container--wide\">\r\n        \n\n<div class=\"wp-block-columns are-vertically-aligned-center is-layout-flex wp-container-core-columns-is-layout-9d6595d7 wp-block-columns-is-layout-flex\">\n<div class=\"wp-block-column is-vertically-aligned-center is-layout-flow wp-block-column-is-layout-flow\" style=\"flex-basis:60%\"><\/div>\n\n\n\n<div class=\"wp-block-column is-vertically-aligned-center is-layout-flow wp-block-column-is-layout-flow\" style=\"flex-basis:40%\">\n<h2 class=\"ls__heading wp-block-heading has-text-align-center beaulieu-arche\">The different islands to visit<\/h2>\n\n\n\n<p class=\"ls-paragraph\">From La Rochelle, enjoy a sea crossing to the island of Aix, the island of Ol\u00e9ron and the<a href=\"https:\/\/www.camping-la-rochelle.com\/en\/campsite-charente-maritime\/campsite-ile-de-re\/\">island of R\u00e9<\/a> with the company <strong>Croisi\u00e8res Inter-\u00eeles<\/strong>. You can also enjoy a guided sea tour to the famous Fort Boyard. The cruise to the island of Oleron takes you to the Oleron village of Boyardville from April to November, and to Saint-Denis-d&#8217;Oleron<strong> in July and August<\/strong>. The sailing time from La Rochelle is about one hour. One-way or stopover of a few hours, the company offers several formulas.<\/p>\n\n\n\n<h2 class=\"ls__heading wp-block-heading has-text-align-center\">Discover the secrets of the islands of Aix and R\u00e9<\/h2>\n\n\n\n<p class=\"ls-paragraph\">On<strong> the island of Oleron<\/strong>, you can visit the bird sanctuary of the Papineau marsh, the salt marsh, the Chassiron lighthouse, the Saumonards forest and its large sandy beaches, or the oyster farm of Fort Royer. Head to the island of R\u00e9 with your <strong>inter-island cruise<\/strong> to discover the fortifications of Saint-Martin-de-R\u00e9, the salt marshes and the various picturesque villages of the island! The crossing time from La Rochelle is also one hour. The <strong>La Rochelle Ile d&#8217;Aix<\/strong> cruise is an opportunity to pass near the famous <a href=\"https:\/\/www.camping-la-rochelle.com\/en\/activities-la-rochelle\/fort-boyard\/\">Fort Boyard<\/a>. From the port of La Rochelle, the crossing lasts from 1 hour to 1 hour and 15 minutes and allows you to spend half a day on the island discovering its remarkable natural sites preserved by the ban on motor vehicles. The <strong>cruise to the island of Aix<\/strong> via Fort Boyard can also be done from the island of R\u00e9 and the island of Ol\u00e9ron.<\/p>\n<\/div>\n<\/div>\n\n\r\n    <\/div>\r\n<\/section><section id=\"ls-section-block_a8b52e4d0cb9e063116d063f303a1667\" class=\"ls-section  page-cta\" >\r\n        <div class=\"container container--wide\">\r\n        \n\n<div id=\"ls-heading ls-titre-div-block_f1908f28c6cea68678f4d1dc8455dc6e\" class=\"ls-titre-div aligncenter h2-like\" >\n    Activities  <br> <strong>in the vicinity<\/strong><\/div>\n\n\n<div id=\"ls-maillage-block_ba7f8f2af1fbcaa2bf32c59096efaf8f\" class=\"ls-maillage cta-style-normal\" data-rows=\"4\">\r\n    <div class=\"wp-block-columns\"><div class=\"wp-block-column\"><div class=\"ls-cta\">\n\n<a href=\"https:\/\/www.camping-la-rochelle.com\/en\/activities-la-rochelle\/campsite-golf-charente-maritime\/\" target=\"\" rel=\"noopener\" class=\"ls-cta__link\">\n\n\t<div class=\"ls-cta__image\"><img decoding=\"async\" src=\"https:\/\/www.camping-la-rochelle.com\/wp-content\/uploads\/2023\/05\/golf-charente-maritime.jpg\" alt=\"golf charente maritime\"><\/div><span class=\"beaulieu-fleche\"><\/span>\n\t<div class=\"ls-cta__title\">\n\t\tGolf\t<\/div>\n\n\t\t\n<\/a><\/div><\/div><div class=\"wp-block-column\"><div class=\"ls-cta\">\n\n<a href=\"https:\/\/www.camping-la-rochelle.com\/en\/activities-la-rochelle\/campsite-puy-du-fou\/\" target=\"\" rel=\"noopener\" class=\"ls-cta__link\">\n\n\t<div class=\"ls-cta__image\"><img decoding=\"async\" src=\"https:\/\/www.camping-la-rochelle.com\/wp-content\/uploads\/2023\/05\/camping-proche-du-parc-puy-du-fou.jpg\" alt=\"camping proche du parc puy du fou\"><\/div><span class=\"beaulieu-fleche\"><\/span>\n\t<div class=\"ls-cta__title\">\n\t\tPuy du Fou\t<\/div>\n\n\t\t\n<\/a><\/div><\/div><div class=\"wp-block-column\"><div class=\"ls-cta\">\n\n<a href=\"https:\/\/www.camping-la-rochelle.com\/en\/activities-la-rochelle\/sail-la-rochelle\/\" target=\"\" rel=\"noopener\" class=\"ls-cta__link\">\n\n\t<div class=\"ls-cta__image\"><img decoding=\"async\" src=\"https:\/\/www.camping-la-rochelle.com\/wp-content\/uploads\/2023\/05\/voile-en-charente-la-rochelle.jpg\" alt=\"voile en charente la rochelle\"><\/div><span class=\"beaulieu-fleche\"><\/span>\n\t<div class=\"ls-cta__title\">\n\t\tSail\t<\/div>\n\n\t\t\n<\/a><\/div><\/div><\/div><\/div>\n\r\n    <\/div>\r\n<\/section>","protected":false},"excerpt":{"rendered":"","protected":false},"author":1,"featured_media":5460,"parent":6448,"menu_order":0,"comment_status":"closed","ping_status":"closed","template":"","meta":{"_acf_changed":false,"footnotes":""},"sujet":[],"class_list":["post-6480","page","type-page","status-publish","has-post-thumbnail","hentry"],"acf":[],"yoast_head":"<!-- This site is optimized with the Yoast SEO plugin v23.4 - https:\/\/yoast.com\/wordpress\/plugins\/seo\/ -->\n<title>Cruises Inter islands | Cruises La Rochelle | Inter islands<\/title>\n<meta name=\"robots\" content=\"index, follow, max-snippet:-1, max-image-preview:large, max-video-preview:-1\" \/>\n<link rel=\"canonical\" href=\"https:\/\/www.camping-la-rochelle.com\/en\/activities-la-rochelle\/inter-island-cruise\/\" \/>\n<meta property=\"og:locale\" content=\"en_US\" \/>\n<meta property=\"og:type\" content=\"article\" \/>\n<meta property=\"og:title\" content=\"Cruises Inter islands | Cruises La Rochelle | Inter islands\" \/>\n<meta property=\"og:url\" content=\"https:\/\/www.camping-la-rochelle.com\/en\/activities-la-rochelle\/inter-island-cruise\/\" \/>\n<meta property=\"og:site_name\" content=\"Camping le Beaulieu\" \/>\n<meta property=\"article:modified_time\" content=\"2023-05-24T15:10:13+00:00\" \/>\n<meta property=\"og:image\" content=\"https:\/\/www.camping-la-rochelle.com\/wp-content\/uploads\/2023\/05\/camping-visite-iles-charentes-maritimes.jpg\" \/>\n\t<meta property=\"og:image:width\" content=\"1920\" \/>\n\t<meta property=\"og:image:height\" content=\"450\" \/>\n\t<meta property=\"og:image:type\" content=\"image\/jpeg\" \/>\n<meta name=\"twitter:card\" content=\"summary_large_image\" \/>\n<meta name=\"twitter:label1\" content=\"Est. reading time\" \/>\n\t<meta name=\"twitter:data1\" content=\"2 minutes\" \/>\n<script type=\"application\/ld+json\" class=\"yoast-schema-graph\">{\"@context\":\"https:\/\/schema.org\",\"@graph\":[{\"@type\":\"WebPage\",\"@id\":\"https:\/\/www.camping-la-rochelle.com\/en\/activities-la-rochelle\/inter-island-cruise\/\",\"url\":\"https:\/\/www.camping-la-rochelle.com\/en\/activities-la-rochelle\/inter-island-cruise\/\",\"name\":\"Cruises Inter islands | Cruises La Rochelle | Inter islands\",\"isPartOf\":{\"@id\":\"https:\/\/www.camping-la-rochelle.com\/en\/#website\"},\"primaryImageOfPage\":{\"@id\":\"https:\/\/www.camping-la-rochelle.com\/en\/activities-la-rochelle\/inter-island-cruise\/#primaryimage\"},\"image\":{\"@id\":\"https:\/\/www.camping-la-rochelle.com\/en\/activities-la-rochelle\/inter-island-cruise\/#primaryimage\"},\"thumbnailUrl\":\"https:\/\/www.camping-la-rochelle.com\/wp-content\/uploads\/2023\/05\/camping-visite-iles-charentes-maritimes.jpg\",\"datePublished\":\"2023-05-24T12:57:10+00:00\",\"dateModified\":\"2023-05-24T15:10:13+00:00\",\"breadcrumb\":{\"@id\":\"https:\/\/www.camping-la-rochelle.com\/en\/activities-la-rochelle\/inter-island-cruise\/#breadcrumb\"},\"inLanguage\":\"en-US\",\"potentialAction\":[{\"@type\":\"ReadAction\",\"target\":[\"https:\/\/www.camping-la-rochelle.com\/en\/activities-la-rochelle\/inter-island-cruise\/\"]}]},{\"@type\":\"ImageObject\",\"inLanguage\":\"en-US\",\"@id\":\"https:\/\/www.camping-la-rochelle.com\/en\/activities-la-rochelle\/inter-island-cruise\/#primaryimage\",\"url\":\"https:\/\/www.camping-la-rochelle.com\/wp-content\/uploads\/2023\/05\/camping-visite-iles-charentes-maritimes.jpg\",\"contentUrl\":\"https:\/\/www.camping-la-rochelle.com\/wp-content\/uploads\/2023\/05\/camping-visite-iles-charentes-maritimes.jpg\",\"width\":1920,\"height\":450,\"caption\":\"camping visite ile charente maritime\"},{\"@type\":\"BreadcrumbList\",\"@id\":\"https:\/\/www.camping-la-rochelle.com\/en\/activities-la-rochelle\/inter-island-cruise\/#breadcrumb\",\"itemListElement\":[{\"@type\":\"ListItem\",\"position\":1,\"name\":\"Camping La Rochelle\",\"item\":\"https:\/\/www.camping-la-rochelle.com\/en\/\"},{\"@type\":\"ListItem\",\"position\":2,\"name\":\"Activities in La Rochelle\",\"item\":\"https:\/\/www.camping-la-rochelle.com\/en\/activities-la-rochelle\/\"},{\"@type\":\"ListItem\",\"position\":3,\"name\":\"Inter-island Cruise\"}]},{\"@type\":\"WebSite\",\"@id\":\"https:\/\/www.camping-la-rochelle.com\/en\/#website\",\"url\":\"https:\/\/www.camping-la-rochelle.com\/en\/\",\"name\":\"Camping le Beaulieu\",\"description\":\"\",\"publisher\":{\"@id\":\"https:\/\/www.camping-la-rochelle.com\/en\/#organization\"},\"potentialAction\":[{\"@type\":\"SearchAction\",\"target\":{\"@type\":\"EntryPoint\",\"urlTemplate\":\"https:\/\/www.camping-la-rochelle.com\/en\/?s={search_term_string}\"},\"query-input\":{\"@type\":\"PropertyValueSpecification\",\"valueRequired\":true,\"valueName\":\"search_term_string\"}}],\"inLanguage\":\"en-US\"},{\"@type\":\"Organization\",\"@id\":\"https:\/\/www.camping-la-rochelle.com\/en\/#organization\",\"name\":\"Camping le Beaulieu\",\"url\":\"https:\/\/www.camping-la-rochelle.com\/en\/\",\"logo\":{\"@type\":\"ImageObject\",\"inLanguage\":\"en-US\",\"@id\":\"https:\/\/www.camping-la-rochelle.com\/en\/#\/schema\/logo\/image\/\",\"url\":\"https:\/\/www.camping-la-rochelle.com\/wp-content\/uploads\/2023\/04\/logo_beaulieu.png\",\"contentUrl\":\"https:\/\/www.camping-la-rochelle.com\/wp-content\/uploads\/2023\/04\/logo_beaulieu.png\",\"width\":744,\"height\":837,\"caption\":\"Camping le Beaulieu\"},\"image\":{\"@id\":\"https:\/\/www.camping-la-rochelle.com\/en\/#\/schema\/logo\/image\/\"}}]}<\/script>\n<!-- \/ Yoast SEO plugin. -->","yoast_head_json":{"title":"Cruises Inter islands | Cruises La Rochelle | Inter islands","robots":{"index":"index","follow":"follow","max-snippet":"max-snippet:-1","max-image-preview":"max-image-preview:large","max-video-preview":"max-video-preview:-1"},"canonical":"https:\/\/www.camping-la-rochelle.com\/en\/activities-la-rochelle\/inter-island-cruise\/","og_locale":"en_US","og_type":"article","og_title":"Cruises Inter islands | Cruises La Rochelle | Inter islands","og_url":"https:\/\/www.camping-la-rochelle.com\/en\/activities-la-rochelle\/inter-island-cruise\/","og_site_name":"Camping le Beaulieu","article_modified_time":"2023-05-24T15:10:13+00:00","og_image":[{"width":1920,"height":450,"url":"https:\/\/www.camping-la-rochelle.com\/wp-content\/uploads\/2023\/05\/camping-visite-iles-charentes-maritimes.jpg","type":"image\/jpeg"}],"twitter_card":"summary_large_image","twitter_misc":{"Est. reading time":"2 minutes"},"schema":{"@context":"https:\/\/schema.org","@graph":[{"@type":"WebPage","@id":"https:\/\/www.camping-la-rochelle.com\/en\/activities-la-rochelle\/inter-island-cruise\/","url":"https:\/\/www.camping-la-rochelle.com\/en\/activities-la-rochelle\/inter-island-cruise\/","name":"Cruises Inter islands | Cruises La Rochelle | Inter islands","isPartOf":{"@id":"https:\/\/www.camping-la-rochelle.com\/en\/#website"},"primaryImageOfPage":{"@id":"https:\/\/www.camping-la-rochelle.com\/en\/activities-la-rochelle\/inter-island-cruise\/#primaryimage"},"image":{"@id":"https:\/\/www.camping-la-rochelle.com\/en\/activities-la-rochelle\/inter-island-cruise\/#primaryimage"},"thumbnailUrl":"https:\/\/www.camping-la-rochelle.com\/wp-content\/uploads\/2023\/05\/camping-visite-iles-charentes-maritimes.jpg","datePublished":"2023-05-24T12:57:10+00:00","dateModified":"2023-05-24T15:10:13+00:00","breadcrumb":{"@id":"https:\/\/www.camping-la-rochelle.com\/en\/activities-la-rochelle\/inter-island-cruise\/#breadcrumb"},"inLanguage":"en-US","potentialAction":[{"@type":"ReadAction","target":["https:\/\/www.camping-la-rochelle.com\/en\/activities-la-rochelle\/inter-island-cruise\/"]}]},{"@type":"ImageObject","inLanguage":"en-US","@id":"https:\/\/www.camping-la-rochelle.com\/en\/activities-la-rochelle\/inter-island-cruise\/#primaryimage","url":"https:\/\/www.camping-la-rochelle.com\/wp-content\/uploads\/2023\/05\/camping-visite-iles-charentes-maritimes.jpg","contentUrl":"https:\/\/www.camping-la-rochelle.com\/wp-content\/uploads\/2023\/05\/camping-visite-iles-charentes-maritimes.jpg","width":1920,"height":450,"caption":"camping visite ile charente maritime"},{"@type":"BreadcrumbList","@id":"https:\/\/www.camping-la-rochelle.com\/en\/activities-la-rochelle\/inter-island-cruise\/#breadcrumb","itemListElement":[{"@type":"ListItem","position":1,"name":"Camping La Rochelle","item":"https:\/\/www.camping-la-rochelle.com\/en\/"},{"@type":"ListItem","position":2,"name":"Activities in La Rochelle","item":"https:\/\/www.camping-la-rochelle.com\/en\/activities-la-rochelle\/"},{"@type":"ListItem","position":3,"name":"Inter-island Cruise"}]},{"@type":"WebSite","@id":"https:\/\/www.camping-la-rochelle.com\/en\/#website","url":"https:\/\/www.camping-la-rochelle.com\/en\/","name":"Camping le Beaulieu","description":"","publisher":{"@id":"https:\/\/www.camping-la-rochelle.com\/en\/#organization"},"potentialAction":[{"@type":"SearchAction","target":{"@type":"EntryPoint","urlTemplate":"https:\/\/www.camping-la-rochelle.com\/en\/?s={search_term_string}"},"query-input":{"@type":"PropertyValueSpecification","valueRequired":true,"valueName":"search_term_string"}}],"inLanguage":"en-US"},{"@type":"Organization","@id":"https:\/\/www.camping-la-rochelle.com\/en\/#organization","name":"Camping le Beaulieu","url":"https:\/\/www.camping-la-rochelle.com\/en\/","logo":{"@type":"ImageObject","inLanguage":"en-US","@id":"https:\/\/www.camping-la-rochelle.com\/en\/#\/schema\/logo\/image\/","url":"https:\/\/www.camping-la-rochelle.com\/wp-content\/uploads\/2023\/04\/logo_beaulieu.png","contentUrl":"https:\/\/www.camping-la-rochelle.com\/wp-content\/uploads\/2023\/04\/logo_beaulieu.png","width":744,"height":837,"caption":"Camping le Beaulieu"},"image":{"@id":"https:\/\/www.camping-la-rochelle.com\/en\/#\/schema\/logo\/image\/"}}]}},"_links":{"self":[{"href":"https:\/\/www.camping-la-rochelle.com\/en\/wp-json\/wp\/v2\/pages\/6480","targetHints":{"allow":["GET"]}}],"collection":[{"href":"https:\/\/www.camping-la-rochelle.com\/en\/wp-json\/wp\/v2\/pages"}],"about":[{"href":"https:\/\/www.camping-la-rochelle.com\/en\/wp-json\/wp\/v2\/types\/page"}],"author":[{"embeddable":true,"href":"https:\/\/www.camping-la-rochelle.com\/en\/wp-json\/wp\/v2\/users\/1"}],"replies":[{"embeddable":true,"href":"https:\/\/www.camping-la-rochelle.com\/en\/wp-json\/wp\/v2\/comments?post=6480"}],"version-history":[{"count":5,"href":"https:\/\/www.camping-la-rochelle.com\/en\/wp-json\/wp\/v2\/pages\/6480\/revisions"}],"predecessor-version":[{"id":6906,"href":"https:\/\/www.camping-la-rochelle.com\/en\/wp-json\/wp\/v2\/pages\/6480\/revisions\/6906"}],"up":[{"embeddable":true,"href":"https:\/\/www.camping-la-rochelle.com\/en\/wp-json\/wp\/v2\/pages\/6448"}],"wp:featuredmedia":[{"embeddable":true,"href":"https:\/\/www.camping-la-rochelle.com\/en\/wp-json\/wp\/v2\/media\/5460"}],"wp:attachment":[{"href":"https:\/\/www.camping-la-rochelle.com\/en\/wp-json\/wp\/v2\/media?parent=6480"}],"wp:term":[{"taxonomy":"sujet","embeddable":true,"href":"https:\/\/www.camping-la-rochelle.com\/en\/wp-json\/wp\/v2\/sujet?post=6480"}],"curies":[{"name":"wp","href":"https:\/\/api.w.org\/{rel}","templated":true}]}}