{"id":6525,"date":"2023-05-24T15:16:48","date_gmt":"2023-05-24T13:16:48","guid":{"rendered":"https:\/\/www.camping-la-rochelle.com\/activities-la-rochelle\/zoo-la-palmyre\/"},"modified":"2023-05-24T15:16:49","modified_gmt":"2023-05-24T13:16:49","slug":"zoo-la-palmyre","status":"publish","type":"page","link":"https:\/\/www.camping-la-rochelle.com\/en\/activities-la-rochelle\/zoo-la-palmyre\/","title":{"rendered":"La Palmyre Zoo"},"content":{"rendered":"<section id=\"ls-section-block_7f13e46c6b345f5e8ed28f91eed7983a\" class=\"ls-section  home-first page-one\" >\r\n        <div class=\"container container--full\">\r\n        \n\n<div class=\"wp-block-columns is-layout-flex wp-container-core-columns-is-layout-9d6595d7 wp-block-columns-is-layout-flex\">\n<div class=\"wp-block-column is-vertically-aligned-top has-color-white-background-color has-background is-layout-flow wp-block-column-is-layout-flow\">\n<h1 class=\"ls__heading wp-block-heading has-text-align-center beaulieu-tour-la-rochelle\"><strong>Zoo of la Palmyre<\/strong> in Royan<\/h1>\n\n\n\n<p class=\"ls-paragraph\">One hour south of La Rochelle, the <strong>Palmyre zoo<\/strong> is a great idea for a family day out.  <strong>Less than 80 km separate<\/strong>the zoo from the <a href=\"https:\/\/www.camping-la-rochelle.com\/en\/\">campsite in La Rochelle<\/a>, via the N137 to <a href=\"https:\/\/www.camping-la-rochelle.com\/camping-charente-maritime\/camping-rochefort\/\">Rochefort<\/a> and then via the coastal roads to Marennes and La Tremblade.<\/p>\n<\/div>\n\n\n\n<div class=\"wp-block-column is-vertically-aligned-center p-t-6 is-layout-flow wp-block-column-is-layout-flow\">\n<iframe width=\"922\" height=\"450\" src=\"https:\/\/www.youtube.com\/embed\/2z_phnIVEgM\" title=\"La Palmyre Zoo welcomes young residents - M\u00e9t\u00e9o \u00e0 la carte\" frameborder=\"0\" allow=\"accelerometer; autoplay; clipboard-write; encrypted-media; gyroscope; picture-in-picture; web-share\" allowfullscreen=\"\"><\/iframe>\n<\/div>\n<\/div>\n\n\r\n    <\/div>\r\n<\/section><section id=\"ls-section-block_c755a682a77ee51c8a8294564ba2a57c\" class=\"ls-section  home-second page-two m-b-0 m-t-0 has-background-image has-parallax has-background has-color-5-background-color\" >\r\n    <div class=\"ls-section__background-image opacity-100\"><img decoding=\"async\" src=\"https:\/\/www.camping-la-rochelle.com\/wp-content\/uploads\/2023\/05\/zoo-la-rochelle.webp\" alt=\"zoo la rochelle\"><\/div>    <div class=\"container container--wide\">\r\n        \n\n<div class=\"wp-block-columns are-vertically-aligned-center is-layout-flex wp-container-core-columns-is-layout-9d6595d7 wp-block-columns-is-layout-flex\">\n<div class=\"wp-block-column is-vertically-aligned-center is-layout-flow wp-block-column-is-layout-flow\" style=\"flex-basis:60%\"><\/div>\n\n\n\n<div class=\"wp-block-column is-vertically-aligned-center is-layout-flow wp-block-column-is-layout-flow\" style=\"flex-basis:40%\">\n<h2 class=\"ls__heading wp-block-heading has-text-align-center beaulieu-arche\">Discovery of the <strong>Zoo of La Palmyre<\/strong><\/h2>\n\n\n\n<p class=\"ls-paragraph\">Open since 1966, the <a href=\"https:\/\/www.zoo-palmyre.fr\/fr\" target=\"_blank\" rel=\"noreferrer noopener nofollow\">Palmyre Zoo<\/a> is now one of the most renowned zoos in France on an international scale. In the heart of a pine forest typical of the Atlantic coast, the <strong>zoo<\/strong> is located <strong>15 km from Royan<\/strong>. In permanent evolution, it welcomes<strong> new species<\/strong> all the time. The optimization of the living conditions of the animals and the conservation of the fauna are the main objectives of the <strong>Royan zoo<\/strong>. It is an example in the field of protection of endangered and threatened species. It is in this spirit that the <strong>La Rochelle Zoo<\/strong> participates in numerous international cooperations and finances several programs dedicated to these causes.<\/p>\n\n\n\n<p class=\"ls-paragraph\">Each space groups the <strong>animals<\/strong> by theme: carnivores, great apes, birds, ungulates, etc. But the strength of the <strong>La Rochelle La Palmyre zoo<\/strong> is that it also offers <strong>educational shows<\/strong> to explain more about the <strong>species housed in the zoo<\/strong> and the work of the caretakers. From spring break to fall break, your visit to the animal sanctuary will be an opportunity to see the sea lion show, the pandas in their natural environment, the aquariums and the parrots&#8217; antics. An enchantment for the visitors of the <strong>zoo near Royan<\/strong>!<\/p>\n<\/div>\n<\/div>\n\n\r\n    <\/div>\r\n<\/section><section id=\"ls-section-block_5a283a298317984ecb35aca09917d0e5\" class=\"ls-section  home-fifth page-three has-p-b p-b-1\" >\r\n        <div class=\"container container--full\">\r\n        \n\n<div class=\"wp-block-columns are-vertically-aligned-center is-layout-flex wp-container-core-columns-is-layout-9d6595d7 wp-block-columns-is-layout-flex\">\n<div class=\"wp-block-column is-vertically-aligned-center titre has-color-white-background-color has-background is-layout-flow wp-block-column-is-layout-flow\" style=\"flex-basis:40%\">\n<h2 class=\"ls__heading wp-block-heading has-text-align-center beaulieu-tente\">The 5 important things about La Rochelle Zoo<\/h2>\n\n\n\n<ul class=\"ls-list wp-block-list\">\n<li>The <strong>Palmyre Zoo<\/strong> has 1600 residents on <strong>18 hectares of land<\/strong>.<\/li>\n\n\n\n<li><strong>200 to 250 births per year<\/strong> are to be celebrated!<\/li>\n\n\n\n<li><strong>115 species<\/strong>, including 28 different species of primates, are residents of the Palmyra Zoological Park.<\/li>\n\n\n\n<li><strong>250 tons of fodder and 180 tons of fresh fruit and vegetables <\/strong>make up the annual ration distributed, not including meat, fish, seeds and compound feed.<\/li>\n\n\n\n<li>150 grams is the weight of the smallest animal in the<strong> Palmyra zoo<\/strong>, a<strong>pygmy marmoset<\/strong>, while the largest is the<strong>Asian elephant<\/strong> with its 4 tons.<\/li>\n<\/ul>\n\n\n\n<h2 class=\"ls__heading wp-block-heading has-text-align-center\">Breeds that can be found at the Royan de la Palmyre Zoo<\/h2>\n\n\n\n<p class=\"ls-paragraph\"><strong>Royan Zoo <\/strong>is home to<strong> 6 main categories of fascinating animals <\/strong>from around the world:<\/p>\n\n\n\n<ul class=\"ls-list wp-block-list\">\n<li><strong>Carnivores<\/strong>, including cheetahs, tigers, panthers, lions or small meerkats.<\/li>\n\n\n\n<li><strong>Marine mammals<\/strong>, with sea lions, otters and polar bears.<\/li>\n\n\n\n<li><strong>The birds<\/strong>, as diverse as flamingos, penguins, cranes, ostriches, eagles and macaws.<\/li>\n\n\n\n<li><strong>Ungulates including elephants<\/strong>, giraffes, rhinoceroses, zebras and hippos.<\/li>\n\n\n\n<li><strong>The primates <\/strong><strong>are<\/strong><strong> represented by gorillas<\/strong>, tamarins, orangutans and lemurs.<\/li>\n<\/ul>\n\n\n\n<p class=\"ls-paragraph\"><strong>Reptiles<\/strong>, including crocodiles, iguanas, giant tortoises and boas.<\/p>\n<\/div>\n\n\n\n<div class=\"wp-block-column is-vertically-aligned-center is-layout-flow wp-block-column-is-layout-flow\" style=\"flex-basis:60%\">\n<figure class=\"wp-block-gallery has-nested-images columns-default is-cropped wp-block-gallery-1 is-layout-flex wp-block-gallery-is-layout-flex\">\n<figure class=\"wp-block-image size-full animated fadeInRight slow\"><a href=\"https:\/\/www.camping-la-rochelle.com\/wp-content\/uploads\/2023\/05\/visite-du-zoo-la-rochelle.jpg\"><img decoding=\"async\" width=\"465\" height=\"465\" data-id=\"5237\" src=\"https:\/\/www.camping-la-rochelle.com\/wp-content\/uploads\/2023\/05\/visite-du-zoo-la-rochelle.jpg\" alt=\"visit of the zoo la rochelle\" class=\"wp-image-5237\" srcset=\"https:\/\/www.camping-la-rochelle.com\/wp-content\/uploads\/2023\/05\/visite-du-zoo-la-rochelle.jpg 465w, https:\/\/www.camping-la-rochelle.com\/wp-content\/uploads\/2023\/05\/visite-du-zoo-la-rochelle-300x300.jpg 300w, https:\/\/www.camping-la-rochelle.com\/wp-content\/uploads\/2023\/05\/visite-du-zoo-la-rochelle-150x150.jpg 150w\" sizes=\"(max-width: 465px) 100vw, 465px\" \/><\/a><\/figure>\n\n\n\n<figure class=\"wp-block-image size-full animated fadeInRight delay-200ms slow\"><a href=\"https:\/\/www.camping-la-rochelle.com\/wp-content\/uploads\/2023\/05\/camping-beaulieu-zoo-de-la-palmyre.jpg\"><img decoding=\"async\" width=\"465\" height=\"465\" data-id=\"5239\" src=\"https:\/\/www.camping-la-rochelle.com\/wp-content\/uploads\/2023\/05\/camping-beaulieu-zoo-de-la-palmyre.jpg\" alt=\"camping beaulieu zoo of la palmyre\" class=\"wp-image-5239\" srcset=\"https:\/\/www.camping-la-rochelle.com\/wp-content\/uploads\/2023\/05\/camping-beaulieu-zoo-de-la-palmyre.jpg 465w, https:\/\/www.camping-la-rochelle.com\/wp-content\/uploads\/2023\/05\/camping-beaulieu-zoo-de-la-palmyre-300x300.jpg 300w, https:\/\/www.camping-la-rochelle.com\/wp-content\/uploads\/2023\/05\/camping-beaulieu-zoo-de-la-palmyre-150x150.jpg 150w\" sizes=\"(max-width: 465px) 100vw, 465px\" \/><\/a><\/figure>\n<\/figure>\n<\/div>\n<\/div>\n\n\r\n    <\/div>\r\n<\/section><section id=\"ls-section-block_c793eb3deabf8b0278f6320f42dcc7b5\" class=\"ls-section  page-cta has-p-t p-t-3\" >\r\n        <div class=\"container container--wide\">\r\n        \n\n<div id=\"ls-heading ls-titre-div-block_ca8a44fcc6f2c5971ba85daa331fbe16\" class=\"ls-titre-div aligncenter h2-like\" >\n    Nearby activities  <br> <strong>of the Palmyre zoo<\/strong><\/div>\n\n\n<div id=\"ls-maillage-block_3ba92bdec430cd29e93eb31e1295f0a5\" class=\"ls-maillage cta-style-normal\" data-rows=\"4\">\r\n    <div class=\"wp-block-columns\"><div class=\"wp-block-column\"><div class=\"ls-cta\">\n\n<a href=\"https:\/\/www.camping-la-rochelle.com\/en\/activities-la-rochelle\/aquarium-la-rochelle\/\" target=\"\" rel=\"noopener\" class=\"ls-cta__link\">\n\n\t<div class=\"ls-cta__image\"><img decoding=\"async\" src=\"https:\/\/www.camping-la-rochelle.com\/wp-content\/uploads\/2023\/05\/aquarium-charente-maritime-768x691.jpg\" alt=\"aquarium charente maritime\"><\/div><span class=\"beaulieu-fleche\"><\/span>\n\t<div class=\"ls-cta__title\">\n\t\tAquarium\t<\/div>\n\n\t\t\n<\/a><\/div><\/div><div class=\"wp-block-column\"><div class=\"ls-cta\">\n\n<a href=\"https:\/\/www.camping-la-rochelle.com\/en\/activities-la-rochelle\/campsite-horse-riding\/\" target=\"\" rel=\"noopener\" class=\"ls-cta__link\">\n\n\t<div class=\"ls-cta__image\"><img decoding=\"async\" src=\"https:\/\/www.camping-la-rochelle.com\/wp-content\/uploads\/2023\/05\/centre-equestre-la-rochelle.jpg\" alt=\"centre equestre la rochelle\"><\/div><span class=\"beaulieu-fleche\"><\/span>\n\t<div class=\"ls-cta__title\">\n\t\tEquitation\t<\/div>\n\n\t\t\n<\/a><\/div><\/div><div class=\"wp-block-column\"><div class=\"ls-cta\">\n\n<a href=\"https:\/\/www.camping-la-rochelle.com\/en\/activities-la-rochelle\/campsite-near-futuroscope\/\" target=\"\" rel=\"noopener\" class=\"ls-cta__link\">\n\n\t<div class=\"ls-cta__image\"><img decoding=\"async\" src=\"https:\/\/www.camping-la-rochelle.com\/wp-content\/uploads\/2023\/05\/week-end-au-futuroscope-poitiers.jpg\" alt=\"week end au futuroscope poitiers\"><\/div><span class=\"beaulieu-fleche\"><\/span>\n\t<div class=\"ls-cta__title\">\n\t\tFuturoscope\t<\/div>\n\n\t\t\n<\/a><\/div><\/div><\/div><\/div>\n\r\n    <\/div>\r\n<\/section>","protected":false},"excerpt":{"rendered":"","protected":false},"author":1,"featured_media":5229,"parent":6448,"menu_order":0,"comment_status":"closed","ping_status":"closed","template":"","meta":{"_acf_changed":false,"footnotes":""},"sujet":[],"class_list":["post-6525","page","type-page","status-publish","has-post-thumbnail","hentry"],"acf":[],"yoast_head":"<!-- This site is optimized with the Yoast SEO plugin v23.4 - https:\/\/yoast.com\/wordpress\/plugins\/seo\/ -->\n<title>Zoo of La Palmyre Royan | Visit the Zoo La Rochelle | Zoo Royan<\/title>\n<meta name=\"description\" content=\"Discover the 115 species of animals of the zoo of La Palmyre in Royan, near the campsite of La Rochelle for a family day with a grandiose fauna!\" \/>\n<meta name=\"robots\" content=\"index, follow, max-snippet:-1, max-image-preview:large, max-video-preview:-1\" \/>\n<link rel=\"canonical\" href=\"https:\/\/www.camping-la-rochelle.com\/en\/activities-la-rochelle\/zoo-la-palmyre\/\" \/>\n<meta property=\"og:locale\" content=\"en_US\" \/>\n<meta property=\"og:type\" content=\"article\" \/>\n<meta property=\"og:title\" content=\"Zoo of La Palmyre Royan | Visit the Zoo La Rochelle | Zoo Royan\" \/>\n<meta property=\"og:description\" content=\"Discover the 115 species of animals of the zoo of La Palmyre in Royan, near the campsite of La Rochelle for a family day with a grandiose fauna!\" \/>\n<meta property=\"og:url\" content=\"https:\/\/www.camping-la-rochelle.com\/en\/activities-la-rochelle\/zoo-la-palmyre\/\" \/>\n<meta property=\"og:site_name\" content=\"Camping le Beaulieu\" \/>\n<meta property=\"article:modified_time\" content=\"2023-05-24T13:16:49+00:00\" \/>\n<meta property=\"og:image\" content=\"https:\/\/www.camping-la-rochelle.com\/wp-content\/uploads\/2023\/05\/visiter-le-zoo-de-la-palmyre.jpg\" \/>\n\t<meta property=\"og:image:width\" content=\"1920\" \/>\n\t<meta property=\"og:image:height\" content=\"450\" \/>\n\t<meta property=\"og:image:type\" content=\"image\/jpeg\" \/>\n<meta name=\"twitter:card\" content=\"summary_large_image\" \/>\n<meta name=\"twitter:label1\" content=\"Est. reading time\" \/>\n\t<meta name=\"twitter:data1\" content=\"2 minutes\" \/>\n<script type=\"application\/ld+json\" class=\"yoast-schema-graph\">{\"@context\":\"https:\/\/schema.org\",\"@graph\":[{\"@type\":\"WebPage\",\"@id\":\"https:\/\/www.camping-la-rochelle.com\/en\/activities-la-rochelle\/zoo-la-palmyre\/\",\"url\":\"https:\/\/www.camping-la-rochelle.com\/en\/activities-la-rochelle\/zoo-la-palmyre\/\",\"name\":\"Zoo of La Palmyre Royan | Visit the Zoo La Rochelle | Zoo Royan\",\"isPartOf\":{\"@id\":\"https:\/\/www.camping-la-rochelle.com\/en\/#website\"},\"primaryImageOfPage\":{\"@id\":\"https:\/\/www.camping-la-rochelle.com\/en\/activities-la-rochelle\/zoo-la-palmyre\/#primaryimage\"},\"image\":{\"@id\":\"https:\/\/www.camping-la-rochelle.com\/en\/activities-la-rochelle\/zoo-la-palmyre\/#primaryimage\"},\"thumbnailUrl\":\"https:\/\/www.camping-la-rochelle.com\/wp-content\/uploads\/2023\/05\/visiter-le-zoo-de-la-palmyre.jpg\",\"datePublished\":\"2023-05-24T13:16:48+00:00\",\"dateModified\":\"2023-05-24T13:16:49+00:00\",\"description\":\"Discover the 115 species of animals of the zoo of La Palmyre in Royan, near the campsite of La Rochelle for a family day with a grandiose fauna!\",\"breadcrumb\":{\"@id\":\"https:\/\/www.camping-la-rochelle.com\/en\/activities-la-rochelle\/zoo-la-palmyre\/#breadcrumb\"},\"inLanguage\":\"en-US\",\"potentialAction\":[{\"@type\":\"ReadAction\",\"target\":[\"https:\/\/www.camping-la-rochelle.com\/en\/activities-la-rochelle\/zoo-la-palmyre\/\"]}]},{\"@type\":\"ImageObject\",\"inLanguage\":\"en-US\",\"@id\":\"https:\/\/www.camping-la-rochelle.com\/en\/activities-la-rochelle\/zoo-la-palmyre\/#primaryimage\",\"url\":\"https:\/\/www.camping-la-rochelle.com\/wp-content\/uploads\/2023\/05\/visiter-le-zoo-de-la-palmyre.jpg\",\"contentUrl\":\"https:\/\/www.camping-la-rochelle.com\/wp-content\/uploads\/2023\/05\/visiter-le-zoo-de-la-palmyre.jpg\",\"width\":1920,\"height\":450,\"caption\":\"visiter le zoo de la palmyre\"},{\"@type\":\"BreadcrumbList\",\"@id\":\"https:\/\/www.camping-la-rochelle.com\/en\/activities-la-rochelle\/zoo-la-palmyre\/#breadcrumb\",\"itemListElement\":[{\"@type\":\"ListItem\",\"position\":1,\"name\":\"Camping La Rochelle\",\"item\":\"https:\/\/www.camping-la-rochelle.com\/en\/\"},{\"@type\":\"ListItem\",\"position\":2,\"name\":\"Activities in La Rochelle\",\"item\":\"https:\/\/www.camping-la-rochelle.com\/en\/activities-la-rochelle\/\"},{\"@type\":\"ListItem\",\"position\":3,\"name\":\"La Palmyre Zoo\"}]},{\"@type\":\"WebSite\",\"@id\":\"https:\/\/www.camping-la-rochelle.com\/en\/#website\",\"url\":\"https:\/\/www.camping-la-rochelle.com\/en\/\",\"name\":\"Camping le Beaulieu\",\"description\":\"\",\"publisher\":{\"@id\":\"https:\/\/www.camping-la-rochelle.com\/en\/#organization\"},\"potentialAction\":[{\"@type\":\"SearchAction\",\"target\":{\"@type\":\"EntryPoint\",\"urlTemplate\":\"https:\/\/www.camping-la-rochelle.com\/en\/?s={search_term_string}\"},\"query-input\":{\"@type\":\"PropertyValueSpecification\",\"valueRequired\":true,\"valueName\":\"search_term_string\"}}],\"inLanguage\":\"en-US\"},{\"@type\":\"Organization\",\"@id\":\"https:\/\/www.camping-la-rochelle.com\/en\/#organization\",\"name\":\"Camping le Beaulieu\",\"url\":\"https:\/\/www.camping-la-rochelle.com\/en\/\",\"logo\":{\"@type\":\"ImageObject\",\"inLanguage\":\"en-US\",\"@id\":\"https:\/\/www.camping-la-rochelle.com\/en\/#\/schema\/logo\/image\/\",\"url\":\"https:\/\/www.camping-la-rochelle.com\/wp-content\/uploads\/2023\/04\/logo_beaulieu.png\",\"contentUrl\":\"https:\/\/www.camping-la-rochelle.com\/wp-content\/uploads\/2023\/04\/logo_beaulieu.png\",\"width\":744,\"height\":837,\"caption\":\"Camping le Beaulieu\"},\"image\":{\"@id\":\"https:\/\/www.camping-la-rochelle.com\/en\/#\/schema\/logo\/image\/\"}}]}<\/script>\n<!-- \/ Yoast SEO plugin. -->","yoast_head_json":{"title":"Zoo of La Palmyre Royan | Visit the Zoo La Rochelle | Zoo Royan","description":"Discover the 115 species of animals of the zoo of La Palmyre in Royan, near the campsite of La Rochelle for a family day with a grandiose fauna!","robots":{"index":"index","follow":"follow","max-snippet":"max-snippet:-1","max-image-preview":"max-image-preview:large","max-video-preview":"max-video-preview:-1"},"canonical":"https:\/\/www.camping-la-rochelle.com\/en\/activities-la-rochelle\/zoo-la-palmyre\/","og_locale":"en_US","og_type":"article","og_title":"Zoo of La Palmyre Royan | Visit the Zoo La Rochelle | Zoo Royan","og_description":"Discover the 115 species of animals of the zoo of La Palmyre in Royan, near the campsite of La Rochelle for a family day with a grandiose fauna!","og_url":"https:\/\/www.camping-la-rochelle.com\/en\/activities-la-rochelle\/zoo-la-palmyre\/","og_site_name":"Camping le Beaulieu","article_modified_time":"2023-05-24T13:16:49+00:00","og_image":[{"width":1920,"height":450,"url":"https:\/\/www.camping-la-rochelle.com\/wp-content\/uploads\/2023\/05\/visiter-le-zoo-de-la-palmyre.jpg","type":"image\/jpeg"}],"twitter_card":"summary_large_image","twitter_misc":{"Est. reading time":"2 minutes"},"schema":{"@context":"https:\/\/schema.org","@graph":[{"@type":"WebPage","@id":"https:\/\/www.camping-la-rochelle.com\/en\/activities-la-rochelle\/zoo-la-palmyre\/","url":"https:\/\/www.camping-la-rochelle.com\/en\/activities-la-rochelle\/zoo-la-palmyre\/","name":"Zoo of La Palmyre Royan | Visit the Zoo La Rochelle | Zoo Royan","isPartOf":{"@id":"https:\/\/www.camping-la-rochelle.com\/en\/#website"},"primaryImageOfPage":{"@id":"https:\/\/www.camping-la-rochelle.com\/en\/activities-la-rochelle\/zoo-la-palmyre\/#primaryimage"},"image":{"@id":"https:\/\/www.camping-la-rochelle.com\/en\/activities-la-rochelle\/zoo-la-palmyre\/#primaryimage"},"thumbnailUrl":"https:\/\/www.camping-la-rochelle.com\/wp-content\/uploads\/2023\/05\/visiter-le-zoo-de-la-palmyre.jpg","datePublished":"2023-05-24T13:16:48+00:00","dateModified":"2023-05-24T13:16:49+00:00","description":"Discover the 115 species of animals of the zoo of La Palmyre in Royan, near the campsite of La Rochelle for a family day with a grandiose fauna!","breadcrumb":{"@id":"https:\/\/www.camping-la-rochelle.com\/en\/activities-la-rochelle\/zoo-la-palmyre\/#breadcrumb"},"inLanguage":"en-US","potentialAction":[{"@type":"ReadAction","target":["https:\/\/www.camping-la-rochelle.com\/en\/activities-la-rochelle\/zoo-la-palmyre\/"]}]},{"@type":"ImageObject","inLanguage":"en-US","@id":"https:\/\/www.camping-la-rochelle.com\/en\/activities-la-rochelle\/zoo-la-palmyre\/#primaryimage","url":"https:\/\/www.camping-la-rochelle.com\/wp-content\/uploads\/2023\/05\/visiter-le-zoo-de-la-palmyre.jpg","contentUrl":"https:\/\/www.camping-la-rochelle.com\/wp-content\/uploads\/2023\/05\/visiter-le-zoo-de-la-palmyre.jpg","width":1920,"height":450,"caption":"visiter le zoo de la palmyre"},{"@type":"BreadcrumbList","@id":"https:\/\/www.camping-la-rochelle.com\/en\/activities-la-rochelle\/zoo-la-palmyre\/#breadcrumb","itemListElement":[{"@type":"ListItem","position":1,"name":"Camping La Rochelle","item":"https:\/\/www.camping-la-rochelle.com\/en\/"},{"@type":"ListItem","position":2,"name":"Activities in La Rochelle","item":"https:\/\/www.camping-la-rochelle.com\/en\/activities-la-rochelle\/"},{"@type":"ListItem","position":3,"name":"La Palmyre Zoo"}]},{"@type":"WebSite","@id":"https:\/\/www.camping-la-rochelle.com\/en\/#website","url":"https:\/\/www.camping-la-rochelle.com\/en\/","name":"Camping le Beaulieu","description":"","publisher":{"@id":"https:\/\/www.camping-la-rochelle.com\/en\/#organization"},"potentialAction":[{"@type":"SearchAction","target":{"@type":"EntryPoint","urlTemplate":"https:\/\/www.camping-la-rochelle.com\/en\/?s={search_term_string}"},"query-input":{"@type":"PropertyValueSpecification","valueRequired":true,"valueName":"search_term_string"}}],"inLanguage":"en-US"},{"@type":"Organization","@id":"https:\/\/www.camping-la-rochelle.com\/en\/#organization","name":"Camping le Beaulieu","url":"https:\/\/www.camping-la-rochelle.com\/en\/","logo":{"@type":"ImageObject","inLanguage":"en-US","@id":"https:\/\/www.camping-la-rochelle.com\/en\/#\/schema\/logo\/image\/","url":"https:\/\/www.camping-la-rochelle.com\/wp-content\/uploads\/2023\/04\/logo_beaulieu.png","contentUrl":"https:\/\/www.camping-la-rochelle.com\/wp-content\/uploads\/2023\/04\/logo_beaulieu.png","width":744,"height":837,"caption":"Camping le Beaulieu"},"image":{"@id":"https:\/\/www.camping-la-rochelle.com\/en\/#\/schema\/logo\/image\/"}}]}},"_links":{"self":[{"href":"https:\/\/www.camping-la-rochelle.com\/en\/wp-json\/wp\/v2\/pages\/6525","targetHints":{"allow":["GET"]}}],"collection":[{"href":"https:\/\/www.camping-la-rochelle.com\/en\/wp-json\/wp\/v2\/pages"}],"about":[{"href":"https:\/\/www.camping-la-rochelle.com\/en\/wp-json\/wp\/v2\/types\/page"}],"author":[{"embeddable":true,"href":"https:\/\/www.camping-la-rochelle.com\/en\/wp-json\/wp\/v2\/users\/1"}],"replies":[{"embeddable":true,"href":"https:\/\/www.camping-la-rochelle.com\/en\/wp-json\/wp\/v2\/comments?post=6525"}],"version-history":[{"count":1,"href":"https:\/\/www.camping-la-rochelle.com\/en\/wp-json\/wp\/v2\/pages\/6525\/revisions"}],"predecessor-version":[{"id":6526,"href":"https:\/\/www.camping-la-rochelle.com\/en\/wp-json\/wp\/v2\/pages\/6525\/revisions\/6526"}],"up":[{"embeddable":true,"href":"https:\/\/www.camping-la-rochelle.com\/en\/wp-json\/wp\/v2\/pages\/6448"}],"wp:featuredmedia":[{"embeddable":true,"href":"https:\/\/www.camping-la-rochelle.com\/en\/wp-json\/wp\/v2\/media\/5229"}],"wp:attachment":[{"href":"https:\/\/www.camping-la-rochelle.com\/en\/wp-json\/wp\/v2\/media?parent=6525"}],"wp:term":[{"taxonomy":"sujet","embeddable":true,"href":"https:\/\/www.camping-la-rochelle.com\/en\/wp-json\/wp\/v2\/sujet?post=6525"}],"curies":[{"name":"wp","href":"https:\/\/api.w.org\/{rel}","templated":true}]}}