{"id":6569,"date":"2023-05-24T15:43:07","date_gmt":"2023-05-24T13:43:07","guid":{"rendered":"https:\/\/www.camping-la-rochelle.com\/campsite-charente-maritime\/campsite-ile-de-re\/"},"modified":"2025-11-28T11:37:31","modified_gmt":"2025-11-28T10:37:31","slug":"campsite-ile-de-re","status":"publish","type":"page","link":"https:\/\/www.camping-la-rochelle.com\/en\/campsite-charente-maritime\/campsite-ile-de-re\/","title":{"rendered":"Island of R\u00e9"},"content":{"rendered":"<section id=\"ls-section-block_93ef0b1224b87e84895752815a8cdc46\" class=\"ls-section  home-first page-one\" >\r\n        <div class=\"container container--full\">\r\n        \n\n<div class=\"wp-block-columns is-layout-flex wp-container-core-columns-is-layout-9d6595d7 wp-block-columns-is-layout-flex\">\n<div class=\"wp-block-column is-vertically-aligned-top has-color-white-background-color has-background is-layout-flow wp-block-column-is-layout-flow\">\n<h1 class=\"ls__heading wp-block-heading has-text-align-center beaulieu-tour-la-rochelle\">4 star campsite  <br><strong>near the Ile de R\u00e9<\/strong><\/h1>\n\n\n\n<p class=\"ls-paragraph\">The<a href=\"https:\/\/www.iledere.com\/\" target=\"_blank\" rel=\"noreferrer noopener nofollow\">island of R\u00e9<\/a>, accessible by car <strong>by a toll bridge north of La Rochelle<\/strong> in the extension of the N237, is located about 12 km from the Ile de R\u00e9 campsite.<\/p>\n\n\n\n<p class=\"ls-paragraph\">The itinerary is direct: you just have to join the N237 when leaving the site, then exit on the D735 in the direction of the Ile de R\u00e9 and you will arrive near your <strong>campsite on the Ile de R\u00e9<\/strong>.<\/p>\n<\/div>\n\n\n\n<div class=\"wp-block-column is-vertically-aligned-center p-t-6 is-layout-flow wp-block-column-is-layout-flow\">\n<figure class=\"wp-block-gallery has-nested-images columns-default is-cropped wp-block-gallery-1 is-layout-flex wp-block-gallery-is-layout-flex\">\n<figure class=\"wp-block-image size-full animated fadeInUp slow\"><a href=\"https:\/\/www.camping-la-rochelle.com\/wp-content\/uploads\/2023\/05\/camping-proche-de-lile-de-re.jpg\"><img decoding=\"async\" width=\"434\" height=\"420\" data-id=\"5487\" src=\"https:\/\/www.camping-la-rochelle.com\/wp-content\/uploads\/2023\/05\/camping-proche-de-lile-de-re.jpg\" alt=\"camping near ile de re\" class=\"wp-image-5487\" srcset=\"https:\/\/www.camping-la-rochelle.com\/wp-content\/uploads\/2023\/05\/camping-proche-de-lile-de-re.jpg 434w, https:\/\/www.camping-la-rochelle.com\/wp-content\/uploads\/2023\/05\/camping-proche-de-lile-de-re-300x290.jpg 300w\" sizes=\"(max-width: 434px) 100vw, 434px\" \/><\/a><\/figure>\n\n\n\n<figure class=\"wp-block-image size-full animated fadeInUp delay-200ms slow\"><a href=\"https:\/\/www.camping-la-rochelle.com\/wp-content\/uploads\/2023\/05\/camping-beaulieu-proche-ile-de-re.jpg\"><img decoding=\"async\" width=\"434\" height=\"420\" data-id=\"5489\" src=\"https:\/\/www.camping-la-rochelle.com\/wp-content\/uploads\/2023\/05\/camping-beaulieu-proche-ile-de-re.jpg\" alt=\"camping beaulieu near ile de re\" class=\"wp-image-5489\" srcset=\"https:\/\/www.camping-la-rochelle.com\/wp-content\/uploads\/2023\/05\/camping-beaulieu-proche-ile-de-re.jpg 434w, https:\/\/www.camping-la-rochelle.com\/wp-content\/uploads\/2023\/05\/camping-beaulieu-proche-ile-de-re-300x290.jpg 300w\" sizes=\"(max-width: 434px) 100vw, 434px\" \/><\/a><\/figure>\n<\/figure>\n<\/div>\n<\/div>\n\n\r\n    <\/div>\r\n<\/section>\n\n<section id=\"ls-section-block_f70abc22a9b508d0ac80c9b11b8be964\" class=\"ls-section  home-second page-two m-b-0 m-t-0 has-background-image has-parallax has-background has-color-5-background-color\" >\r\n    <div class=\"ls-section__background-image opacity-100\"><img decoding=\"async\" src=\"https:\/\/www.camping-la-rochelle.com\/wp-content\/uploads\/2023\/05\/camping-avec-piscine-chauffee-proche-ile-de-re.jpg\" alt=\"camping avec piscine chauff\u00e9e proche il de re\"><\/div>    <div class=\"container container--wide\">\r\n        \n\n<div class=\"wp-block-columns are-vertically-aligned-center is-layout-flex wp-container-core-columns-is-layout-9d6595d7 wp-block-columns-is-layout-flex\">\n<div class=\"wp-block-column is-vertically-aligned-center is-layout-flow wp-block-column-is-layout-flow\" style=\"flex-basis:60%\"><\/div>\n\n\n\n<div class=\"wp-block-column is-vertically-aligned-center is-layout-flow wp-block-column-is-layout-flow\" style=\"flex-basis:40%\">\n<h2 class=\"ls__heading wp-block-heading has-text-align-center beaulieu-arche\">Camping Ile de R\u00e9 4 stars with indoor pool<\/h2>\n\n\n\n<p class=\"ls-paragraph\">Do you want to quench your thirst for swimming after your activities when you return to the <strong>Ile de R\u00e9 campsite<\/strong>?<\/p>\n\n\n\n<p class=\"ls-paragraph\">Change your shorts for your bathing suit and go to the aquatic area and its pool, to the children&#8217;s playground or to the Atlantic Ocean. As soon as you walk through the doors, you&#8217;ll understand that the Beaulieu is one of the most beautiful, upscale open-air hotels with a swimming pool in New Aquitaine. For your next family vacation, opt for a family camping stay near the seaside. You will have the choice between mobile homes with direct access to the heated swimming pool with slides, or campsites close to a sandy beach where you can practice many activities for an unforgettable vacation.<\/p>\n\n\n\n<p class=\"ls-paragraph\">In our <a href=\"https:\/\/www.camping-la-rochelle.com\/en\/\">4 star campsite near the Ile de R\u00e9<\/a>The water park includes several swimming, play and relaxation areas for the whole family: a heated indoor pool to cool off in all weathers, a large outdoor pool for swimmers and aquagym enthusiasts, a waterslide for teenagers, a play area with a secure paddling pool and water games for toddlers, and a balneo area with massaging jets to recharge your batteries after a surfing lesson or a bike ride along the cycle paths of the Ile de R\u00e9.  <a href=\"https:\/\/www.camping-la-rochelle.com\/en\/campsite-charente-marine-aquatic-space\/\">The water park of our campsite Ile de R\u00e9<\/a> has everything to please you.  <\/p>\n<\/div>\n<\/div>\n\n\r\n    <\/div>\r\n<\/section>\n\n<section id=\"ls-section-block_e4ba5e178c67effd538c7139f09974dc\" class=\"ls-section  home-fifth page-three\" >\r\n        <div class=\"container container--full\">\r\n        \n\n<div class=\"wp-block-columns are-vertically-aligned-center is-layout-flex wp-container-core-columns-is-layout-9d6595d7 wp-block-columns-is-layout-flex\">\n<div class=\"wp-block-column is-vertically-aligned-center titre has-color-white-background-color has-background is-layout-flow wp-block-column-is-layout-flow\" style=\"flex-basis:40%\">\n<h2 class=\"ls__heading wp-block-heading has-text-align-center beaulieu-tente\">Rent a mobile home  <br><strong>near the Ile de R\u00e9<\/strong><\/h2>\n\n\n\n<p class=\"ls-paragraph\">You love adventure, but also the comfort and privacy of a vacation home. For this reason, you are looking for a <strong>mobile home rental ile de R\u00e9<\/strong>. The 4 star Ile de R\u00e9 campsite offers luxury mobile homes for 2, 4 or 6 people with a fully equipped kitchen, 1 to 3 separate bedrooms, a shower room, independent toilets and a beautiful private wooden terrace. Our <strong>rental fleet<\/strong> includes various sizes and ranges of mobile homes from 15 to 36 m2. Couples are often seduced by the standard compact mobile home with a good quality\/price ratio.<\/p>\n\n\n\n<p class=\"ls-paragraph\">Families with two children can opt for the Premium Cottage or the Coco Sweet, a canopied bungalow with an atypical design and an awning terrace. This <strong>rental<\/strong> with living room and kitchenette but without bathroom facilities is an excellent accommodation solution for vacationers who want a minimum of comfort without getting angry with their wallet. For groups of friends and large families, turn to a <strong>mobile home rental ile de R\u00e9<\/strong> for 6 people like the Familial Privilege with its many amenities (television, dishwasher, freezer &#8230;).<\/p>\n\n\n\n<p class=\"ls-paragraph\"><a href=\"https:\/\/www.camping-la-rochelle.com\/en\/campsite-pitches-charente-maritime\/\">Many camping sites<\/a> are also available for rent to accommodate, for example, your motor home or caravan.<\/p>\n<\/div>\n\n\n\n<div class=\"wp-block-column is-vertically-aligned-center is-layout-flow wp-block-column-is-layout-flow\" style=\"flex-basis:60%\">\n<figure class=\"wp-block-gallery has-nested-images columns-default is-cropped wp-block-gallery-2 is-layout-flex wp-block-gallery-is-layout-flex\">\n<figure class=\"wp-block-image size-full animated fadeInRight slow\"><a href=\"https:\/\/www.camping-la-rochelle.com\/wp-content\/uploads\/2023\/05\/louer-un-mobil-home-proche-il-de-re.jpg\"><img decoding=\"async\" width=\"434\" height=\"420\" data-id=\"5474\" src=\"https:\/\/www.camping-la-rochelle.com\/wp-content\/uploads\/2023\/05\/louer-un-mobil-home-proche-il-de-re.jpg\" alt=\"rent a mobile home close to it of re\" class=\"wp-image-5474\" srcset=\"https:\/\/www.camping-la-rochelle.com\/wp-content\/uploads\/2023\/05\/louer-un-mobil-home-proche-il-de-re.jpg 434w, https:\/\/www.camping-la-rochelle.com\/wp-content\/uploads\/2023\/05\/louer-un-mobil-home-proche-il-de-re-300x290.jpg 300w\" sizes=\"(max-width: 434px) 100vw, 434px\" \/><\/a><\/figure>\n\n\n\n<figure class=\"wp-block-image size-full animated fadeInRight delay-200ms slow\"><a href=\"https:\/\/www.camping-la-rochelle.com\/wp-content\/uploads\/2023\/05\/emplacement-camping-proche-ile-de-re.jpg\"><img decoding=\"async\" width=\"434\" height=\"420\" data-id=\"5482\" src=\"https:\/\/www.camping-la-rochelle.com\/wp-content\/uploads\/2023\/05\/emplacement-camping-proche-ile-de-re.jpg\" alt=\"camping site near ile de re\" class=\"wp-image-5482\" srcset=\"https:\/\/www.camping-la-rochelle.com\/wp-content\/uploads\/2023\/05\/emplacement-camping-proche-ile-de-re.jpg 434w, https:\/\/www.camping-la-rochelle.com\/wp-content\/uploads\/2023\/05\/emplacement-camping-proche-ile-de-re-300x290.jpg 300w\" sizes=\"(max-width: 434px) 100vw, 434px\" \/><\/a><\/figure>\n<\/figure>\n<\/div>\n<\/div>\n\n\r\n    <\/div>\r\n<\/section>\n\n<section id=\"ls-section-block_056aa8d9e7ff489955c3d9251de8b7d8\" class=\"ls-section  home-second page-four m-b-0 has-background-image has-parallax has-background has-color-5-background-color\" >\r\n    <div class=\"ls-section__background-image opacity-100\"><img decoding=\"async\" src=\"https:\/\/www.camping-la-rochelle.com\/wp-content\/uploads\/2023\/05\/ile-de-re-en-charente-maritime.jpg\" alt=\"ile de re en charente maritime\"><\/div>    <div class=\"container container--wide\">\r\n        \n\n<div class=\"wp-block-columns are-vertically-aligned-center is-layout-flex wp-container-core-columns-is-layout-9d6595d7 wp-block-columns-is-layout-flex\">\n<div class=\"wp-block-column is-vertically-aligned-center is-layout-flow wp-block-column-is-layout-flow\" style=\"flex-basis:40%\">\n<h2 class=\"ls__heading wp-block-heading has-text-align-center beaulieu-arche\">Discover the Ile de R\u00e9<\/h2>\n\n\n\n<p class=\"ls-paragraph\">Composed of 10 villages, each with its own atmosphere, the island of R\u00e9 is a territory with many faces, all of them fascinating to discover from your <strong>Ile de R\u00e9 campsite<\/strong>. Labelled &#8220;Pays d&#8217;art et d&#8217;Histoire&#8221;, the island is rich in a varied historical and architectural heritage: from Vauban fortifications to fish locks, including lighthouses and an important religious heritage. The sensitive natural areas of the island are also home to an exceptional biodiversity, which makes the happiness of ornithologists and budding observers while remaining close to your <strong>4 star campsite near the Ile de R\u00e9<\/strong>.<\/p>\n\n\n\n<h2 class=\"ls__heading wp-block-heading has-text-align-center\">The island of R\u00e9 in one day<\/h2>\n\n\n\n<p class=\"ls-paragraph\">Walks between the salt marshes from your  <strong>camping Ile de R\u00e9 not expensive<\/strong>  to the observation of hundreds of species of birds in the nature reserve of  <a href=\"https:\/\/www.iledere.com\/decouvrir\/les-sites-incontournables\/la-reserve-naturelle-nationale-de-lilleau-des-niges\" target=\"_blank\" rel=\"noreferrer noopener nofollow\">Lilleau des Niges<\/a>The activities are numerous and varied, just a stone&#8217;s throw away from the Ile de R\u00e9, including visits to fortifications and lighthouses, water sports and relaxing on the beach.<\/p>\n\n\n\n<p class=\"ls-paragraph addReadMore showlesscontent\">If you spend the day on the island, be sure to climb to the top of the bell tower-observatory of Saint-Martin, the bell tower of the church of Ars-en-R\u00e9 and the  <a href=\"https:\/\/www.pharedesbaleines.com\/\" target=\"_blank\" rel=\"noreferrer noopener nofollow\">Whale lighthouse<\/a>  three sites that offer unique panoramas of the island&#8217;s different landscapes and the ocean just a stone&#8217;s throw from your home.  <strong>camping Ile de R\u00e9 with pool<\/strong>.  <br><br>The island&#8217;s must-see sites also include La Flotte and the fortifications of Saint-Martin-en-R\u00e9. The Mus\u00e9e du Platin and the Mus\u00e9e Ernest Cognacq will teach you a lot about the island&#8217;s history and traditions.<\/p>\n<\/div>\n\n\n\n<div class=\"wp-block-column is-vertically-aligned-center is-layout-flow wp-block-column-is-layout-flow\" style=\"flex-basis:60%\"><\/div>\n<\/div>\n\n\r\n    <\/div>\r\n<\/section>\n\n<section id=\"ls-section-block_cbf7747599a11f881e3e06a36feddcf0\" class=\"ls-section  page-cta\" >\r\n        <div class=\"container container--wide\">\r\n        \n\n<div id=\"ls-heading ls-titre-div-block_7a7813b6b2025928bf4fe1c56ad3be38\" class=\"ls-titre-div aligncenter h2-like\" >\n    Discover our  <br> <strong>services and activities<\/strong><\/div>\n\n\n<div id=\"ls-maillage-block_11c033e2e31c9de6e160f76fd6c444f1\" class=\"ls-maillage cta-style-normal\" data-rows=\"4\">\r\n    <div class=\"wp-block-columns\"><div class=\"wp-block-column\"><div class=\"ls-cta\">\n\n<a href=\"https:\/\/www.camping-la-rochelle.com\/en\/activities-la-rochelle\/aquarium-la-rochelle\/\" target=\"\" rel=\"noopener\" class=\"ls-cta__link\">\n\n\t<div class=\"ls-cta__image\"><img decoding=\"async\" src=\"https:\/\/www.camping-la-rochelle.com\/wp-content\/uploads\/2023\/05\/aquarium-charente-maritime-768x691.jpg\" alt=\"aquarium charente maritime\"><\/div><span class=\"beaulieu-fleche\"><\/span>\n\t<div class=\"ls-cta__title\">\n\t\tAquarium\t<\/div>\n\n\t\t\n<\/a><\/div><\/div><div class=\"wp-block-column\"><div class=\"ls-cta\">\n\n<a href=\"https:\/\/www.camping-la-rochelle.com\/en\/activities-la-rochelle\/inter-island-cruise\/\" target=\"\" rel=\"noopener\" class=\"ls-cta__link\">\n\n\t<div class=\"ls-cta__image\"><img decoding=\"async\" src=\"https:\/\/www.camping-la-rochelle.com\/wp-content\/uploads\/2023\/05\/croisiere-interiles-charente-maritime-1.jpg\" alt=\"croisiere interiles charente maritime\"><\/div><span class=\"beaulieu-fleche\"><\/span>\n\t<div class=\"ls-cta__title\">\n\t\tInter-island cruise (sea rides \/ excursions)\t<\/div>\n\n\t\t\n<\/a><\/div><\/div><div class=\"wp-block-column\"><div class=\"ls-cta\">\n\n<a href=\"https:\/\/www.camping-la-rochelle.com\/en\/activities-la-rochelle\/sail-la-rochelle\/\" target=\"\" rel=\"noopener\" class=\"ls-cta__link\">\n\n\t<div class=\"ls-cta__image\"><img decoding=\"async\" src=\"https:\/\/www.camping-la-rochelle.com\/wp-content\/uploads\/2023\/05\/voile-en-charente-la-rochelle.jpg\" alt=\"voile en charente la rochelle\"><\/div><span class=\"beaulieu-fleche\"><\/span>\n\t<div class=\"ls-cta__title\">\n\t\tSail\t<\/div>\n\n\t\t\n<\/a><\/div><\/div><\/div><\/div>\n\r\n    <\/div>\r\n<\/section>","protected":false},"excerpt":{"rendered":"","protected":false},"author":1,"featured_media":5467,"parent":6542,"menu_order":0,"comment_status":"closed","ping_status":"closed","template":"","meta":{"_acf_changed":false,"footnotes":""},"sujet":[],"class_list":["post-6569","page","type-page","status-publish","has-post-thumbnail","hentry"],"acf":[],"yoast_head":"<!-- This site is optimized with the Yoast SEO plugin v23.4 - https:\/\/yoast.com\/wordpress\/plugins\/seo\/ -->\n<title>Camping 4 stars Ile de R\u00e9 | Swimming pool and mobile home 4 stars Ile de R\u00e9<\/title>\n<meta name=\"description\" content=\"4 star campsite Ile de R\u00e9\" \/>\n<meta name=\"robots\" content=\"index, follow, max-snippet:-1, max-image-preview:large, max-video-preview:-1\" \/>\n<link rel=\"canonical\" href=\"https:\/\/www.camping-la-rochelle.com\/en\/campsite-charente-maritime\/campsite-ile-de-re\/\" \/>\n<meta property=\"og:locale\" content=\"en_US\" \/>\n<meta property=\"og:type\" content=\"article\" \/>\n<meta property=\"og:title\" content=\"Camping 4 stars Ile de R\u00e9 | Swimming pool and mobile home 4 stars Ile de R\u00e9\" \/>\n<meta property=\"og:description\" content=\"4 star campsite Ile de R\u00e9\" \/>\n<meta property=\"og:url\" content=\"https:\/\/www.camping-la-rochelle.com\/en\/campsite-charente-maritime\/campsite-ile-de-re\/\" \/>\n<meta property=\"og:site_name\" content=\"Camping le Beaulieu\" \/>\n<meta property=\"article:modified_time\" content=\"2025-11-28T10:37:31+00:00\" \/>\n<meta property=\"og:image\" content=\"https:\/\/www.camping-la-rochelle.com\/wp-content\/uploads\/2023\/05\/visiter-lile-de-re.jpg\" \/>\n\t<meta property=\"og:image:width\" content=\"1920\" \/>\n\t<meta property=\"og:image:height\" content=\"450\" \/>\n\t<meta property=\"og:image:type\" content=\"image\/jpeg\" \/>\n<meta name=\"twitter:card\" content=\"summary_large_image\" \/>\n<meta name=\"twitter:label1\" content=\"Est. reading time\" \/>\n\t<meta name=\"twitter:data1\" content=\"6 minutes\" \/>\n<script type=\"application\/ld+json\" class=\"yoast-schema-graph\">{\"@context\":\"https:\/\/schema.org\",\"@graph\":[{\"@type\":\"WebPage\",\"@id\":\"https:\/\/www.camping-la-rochelle.com\/en\/campsite-charente-maritime\/campsite-ile-de-re\/\",\"url\":\"https:\/\/www.camping-la-rochelle.com\/en\/campsite-charente-maritime\/campsite-ile-de-re\/\",\"name\":\"Camping 4 stars Ile de R\u00e9 | Swimming pool and mobile home 4 stars Ile de R\u00e9\",\"isPartOf\":{\"@id\":\"https:\/\/www.camping-la-rochelle.com\/en\/#website\"},\"primaryImageOfPage\":{\"@id\":\"https:\/\/www.camping-la-rochelle.com\/en\/campsite-charente-maritime\/campsite-ile-de-re\/#primaryimage\"},\"image\":{\"@id\":\"https:\/\/www.camping-la-rochelle.com\/en\/campsite-charente-maritime\/campsite-ile-de-re\/#primaryimage\"},\"thumbnailUrl\":\"https:\/\/www.camping-la-rochelle.com\/wp-content\/uploads\/2023\/05\/visiter-lile-de-re.jpg\",\"datePublished\":\"2023-05-24T13:43:07+00:00\",\"dateModified\":\"2025-11-28T10:37:31+00:00\",\"description\":\"4 star campsite Ile de R\u00e9\",\"breadcrumb\":{\"@id\":\"https:\/\/www.camping-la-rochelle.com\/en\/campsite-charente-maritime\/campsite-ile-de-re\/#breadcrumb\"},\"inLanguage\":\"en-US\",\"potentialAction\":[{\"@type\":\"ReadAction\",\"target\":[\"https:\/\/www.camping-la-rochelle.com\/en\/campsite-charente-maritime\/campsite-ile-de-re\/\"]}]},{\"@type\":\"ImageObject\",\"inLanguage\":\"en-US\",\"@id\":\"https:\/\/www.camping-la-rochelle.com\/en\/campsite-charente-maritime\/campsite-ile-de-re\/#primaryimage\",\"url\":\"https:\/\/www.camping-la-rochelle.com\/wp-content\/uploads\/2023\/05\/visiter-lile-de-re.jpg\",\"contentUrl\":\"https:\/\/www.camping-la-rochelle.com\/wp-content\/uploads\/2023\/05\/visiter-lile-de-re.jpg\",\"width\":1920,\"height\":450,\"caption\":\"visiter l'ile de r\u00e9\"},{\"@type\":\"BreadcrumbList\",\"@id\":\"https:\/\/www.camping-la-rochelle.com\/en\/campsite-charente-maritime\/campsite-ile-de-re\/#breadcrumb\",\"itemListElement\":[{\"@type\":\"ListItem\",\"position\":1,\"name\":\"Camping La Rochelle\",\"item\":\"https:\/\/www.camping-la-rochelle.com\/en\/\"},{\"@type\":\"ListItem\",\"position\":2,\"name\":\"4 star Charente-Maritime campsite\",\"item\":\"https:\/\/www.camping-la-rochelle.com\/en\/campsite-charente-maritime\/\"},{\"@type\":\"ListItem\",\"position\":3,\"name\":\"4 star campsite near Ile de R\u00e9\"}]},{\"@type\":\"WebSite\",\"@id\":\"https:\/\/www.camping-la-rochelle.com\/en\/#website\",\"url\":\"https:\/\/www.camping-la-rochelle.com\/en\/\",\"name\":\"Camping le Beaulieu\",\"description\":\"\",\"publisher\":{\"@id\":\"https:\/\/www.camping-la-rochelle.com\/en\/#organization\"},\"potentialAction\":[{\"@type\":\"SearchAction\",\"target\":{\"@type\":\"EntryPoint\",\"urlTemplate\":\"https:\/\/www.camping-la-rochelle.com\/en\/?s={search_term_string}\"},\"query-input\":{\"@type\":\"PropertyValueSpecification\",\"valueRequired\":true,\"valueName\":\"search_term_string\"}}],\"inLanguage\":\"en-US\"},{\"@type\":\"Organization\",\"@id\":\"https:\/\/www.camping-la-rochelle.com\/en\/#organization\",\"name\":\"Camping le Beaulieu\",\"url\":\"https:\/\/www.camping-la-rochelle.com\/en\/\",\"logo\":{\"@type\":\"ImageObject\",\"inLanguage\":\"en-US\",\"@id\":\"https:\/\/www.camping-la-rochelle.com\/en\/#\/schema\/logo\/image\/\",\"url\":\"https:\/\/www.camping-la-rochelle.com\/wp-content\/uploads\/2023\/04\/logo_beaulieu.png\",\"contentUrl\":\"https:\/\/www.camping-la-rochelle.com\/wp-content\/uploads\/2023\/04\/logo_beaulieu.png\",\"width\":744,\"height\":837,\"caption\":\"Camping le Beaulieu\"},\"image\":{\"@id\":\"https:\/\/www.camping-la-rochelle.com\/en\/#\/schema\/logo\/image\/\"}}]}<\/script>\n<!-- \/ Yoast SEO plugin. -->","yoast_head_json":{"title":"Camping 4 stars Ile de R\u00e9 | Swimming pool and mobile home 4 stars Ile de R\u00e9","description":"4 star campsite Ile de R\u00e9","robots":{"index":"index","follow":"follow","max-snippet":"max-snippet:-1","max-image-preview":"max-image-preview:large","max-video-preview":"max-video-preview:-1"},"canonical":"https:\/\/www.camping-la-rochelle.com\/en\/campsite-charente-maritime\/campsite-ile-de-re\/","og_locale":"en_US","og_type":"article","og_title":"Camping 4 stars Ile de R\u00e9 | Swimming pool and mobile home 4 stars Ile de R\u00e9","og_description":"4 star campsite Ile de R\u00e9","og_url":"https:\/\/www.camping-la-rochelle.com\/en\/campsite-charente-maritime\/campsite-ile-de-re\/","og_site_name":"Camping le Beaulieu","article_modified_time":"2025-11-28T10:37:31+00:00","og_image":[{"width":1920,"height":450,"url":"https:\/\/www.camping-la-rochelle.com\/wp-content\/uploads\/2023\/05\/visiter-lile-de-re.jpg","type":"image\/jpeg"}],"twitter_card":"summary_large_image","twitter_misc":{"Est. reading time":"6 minutes"},"schema":{"@context":"https:\/\/schema.org","@graph":[{"@type":"WebPage","@id":"https:\/\/www.camping-la-rochelle.com\/en\/campsite-charente-maritime\/campsite-ile-de-re\/","url":"https:\/\/www.camping-la-rochelle.com\/en\/campsite-charente-maritime\/campsite-ile-de-re\/","name":"Camping 4 stars Ile de R\u00e9 | Swimming pool and mobile home 4 stars Ile de R\u00e9","isPartOf":{"@id":"https:\/\/www.camping-la-rochelle.com\/en\/#website"},"primaryImageOfPage":{"@id":"https:\/\/www.camping-la-rochelle.com\/en\/campsite-charente-maritime\/campsite-ile-de-re\/#primaryimage"},"image":{"@id":"https:\/\/www.camping-la-rochelle.com\/en\/campsite-charente-maritime\/campsite-ile-de-re\/#primaryimage"},"thumbnailUrl":"https:\/\/www.camping-la-rochelle.com\/wp-content\/uploads\/2023\/05\/visiter-lile-de-re.jpg","datePublished":"2023-05-24T13:43:07+00:00","dateModified":"2025-11-28T10:37:31+00:00","description":"4 star campsite Ile de R\u00e9","breadcrumb":{"@id":"https:\/\/www.camping-la-rochelle.com\/en\/campsite-charente-maritime\/campsite-ile-de-re\/#breadcrumb"},"inLanguage":"en-US","potentialAction":[{"@type":"ReadAction","target":["https:\/\/www.camping-la-rochelle.com\/en\/campsite-charente-maritime\/campsite-ile-de-re\/"]}]},{"@type":"ImageObject","inLanguage":"en-US","@id":"https:\/\/www.camping-la-rochelle.com\/en\/campsite-charente-maritime\/campsite-ile-de-re\/#primaryimage","url":"https:\/\/www.camping-la-rochelle.com\/wp-content\/uploads\/2023\/05\/visiter-lile-de-re.jpg","contentUrl":"https:\/\/www.camping-la-rochelle.com\/wp-content\/uploads\/2023\/05\/visiter-lile-de-re.jpg","width":1920,"height":450,"caption":"visiter l'ile de r\u00e9"},{"@type":"BreadcrumbList","@id":"https:\/\/www.camping-la-rochelle.com\/en\/campsite-charente-maritime\/campsite-ile-de-re\/#breadcrumb","itemListElement":[{"@type":"ListItem","position":1,"name":"Camping La Rochelle","item":"https:\/\/www.camping-la-rochelle.com\/en\/"},{"@type":"ListItem","position":2,"name":"4 star Charente-Maritime campsite","item":"https:\/\/www.camping-la-rochelle.com\/en\/campsite-charente-maritime\/"},{"@type":"ListItem","position":3,"name":"4 star campsite near Ile de R\u00e9"}]},{"@type":"WebSite","@id":"https:\/\/www.camping-la-rochelle.com\/en\/#website","url":"https:\/\/www.camping-la-rochelle.com\/en\/","name":"Camping le Beaulieu","description":"","publisher":{"@id":"https:\/\/www.camping-la-rochelle.com\/en\/#organization"},"potentialAction":[{"@type":"SearchAction","target":{"@type":"EntryPoint","urlTemplate":"https:\/\/www.camping-la-rochelle.com\/en\/?s={search_term_string}"},"query-input":{"@type":"PropertyValueSpecification","valueRequired":true,"valueName":"search_term_string"}}],"inLanguage":"en-US"},{"@type":"Organization","@id":"https:\/\/www.camping-la-rochelle.com\/en\/#organization","name":"Camping le Beaulieu","url":"https:\/\/www.camping-la-rochelle.com\/en\/","logo":{"@type":"ImageObject","inLanguage":"en-US","@id":"https:\/\/www.camping-la-rochelle.com\/en\/#\/schema\/logo\/image\/","url":"https:\/\/www.camping-la-rochelle.com\/wp-content\/uploads\/2023\/04\/logo_beaulieu.png","contentUrl":"https:\/\/www.camping-la-rochelle.com\/wp-content\/uploads\/2023\/04\/logo_beaulieu.png","width":744,"height":837,"caption":"Camping le Beaulieu"},"image":{"@id":"https:\/\/www.camping-la-rochelle.com\/en\/#\/schema\/logo\/image\/"}}]}},"_links":{"self":[{"href":"https:\/\/www.camping-la-rochelle.com\/en\/wp-json\/wp\/v2\/pages\/6569","targetHints":{"allow":["GET"]}}],"collection":[{"href":"https:\/\/www.camping-la-rochelle.com\/en\/wp-json\/wp\/v2\/pages"}],"about":[{"href":"https:\/\/www.camping-la-rochelle.com\/en\/wp-json\/wp\/v2\/types\/page"}],"author":[{"embeddable":true,"href":"https:\/\/www.camping-la-rochelle.com\/en\/wp-json\/wp\/v2\/users\/1"}],"replies":[{"embeddable":true,"href":"https:\/\/www.camping-la-rochelle.com\/en\/wp-json\/wp\/v2\/comments?post=6569"}],"version-history":[{"count":2,"href":"https:\/\/www.camping-la-rochelle.com\/en\/wp-json\/wp\/v2\/pages\/6569\/revisions"}],"predecessor-version":[{"id":7774,"href":"https:\/\/www.camping-la-rochelle.com\/en\/wp-json\/wp\/v2\/pages\/6569\/revisions\/7774"}],"up":[{"embeddable":true,"href":"https:\/\/www.camping-la-rochelle.com\/en\/wp-json\/wp\/v2\/pages\/6542"}],"wp:featuredmedia":[{"embeddable":true,"href":"https:\/\/www.camping-la-rochelle.com\/en\/wp-json\/wp\/v2\/media\/5467"}],"wp:attachment":[{"href":"https:\/\/www.camping-la-rochelle.com\/en\/wp-json\/wp\/v2\/media?parent=6569"}],"wp:term":[{"taxonomy":"sujet","embeddable":true,"href":"https:\/\/www.camping-la-rochelle.com\/en\/wp-json\/wp\/v2\/sujet?post=6569"}],"curies":[{"name":"wp","href":"https:\/\/api.w.org\/{rel}","templated":true}]}}