{"id":6588,"date":"2023-05-24T15:51:09","date_gmt":"2023-05-24T13:51:09","guid":{"rendered":"https:\/\/www.camping-la-rochelle.com\/rental-week-la-rochelle\/"},"modified":"2025-11-28T11:53:21","modified_gmt":"2025-11-28T10:53:21","slug":"rental-week-la-rochelle","status":"publish","type":"page","link":"https:\/\/www.camping-la-rochelle.com\/en\/rental-week-la-rochelle\/","title":{"rendered":"Rent your accommodation for a week in La Rochelle"},"content":{"rendered":"<section id=\"ls-section-block_af2037d433869025060c050ee6eb3804\" class=\"ls-section  home-first page-one\" >\r\n        <div class=\"container container--full\">\r\n        \n\n<div class=\"wp-block-columns is-layout-flex wp-container-core-columns-is-layout-9d6595d7 wp-block-columns-is-layout-flex\">\n<div class=\"wp-block-column is-vertically-aligned-top has-color-white-background-color has-background is-layout-flow wp-block-column-is-layout-flow\">\n<h1 class=\"ls__heading wp-block-heading has-text-align-center beaulieu-tour-la-rochelle\">Rent an accommodation in  <br><strong>the week<\/strong> in la Rochelle<\/h1>\n\n\n\n<p class=\"ls-paragraph\">Tired of going on vacation in apartments rented by a private individual and not necessarily in line with the photos? Let yourself be tempted by a <a href=\"https:\/\/www.camping-la-rochelle.com\/en\/\">stay at Camping Beaulieu<\/a>. A 4 star campsite in La Rochelle, close to the city center and its old port, the Beaulieu is open all year round. It is the ideal place for <strong>a week in La Rochelle<\/strong>. You can take advantage of this time to discover the surroundings of the city.<\/p>\n<\/div>\n\n\n\n<div class=\"wp-block-column is-vertically-aligned-center p-t-6 is-layout-flow wp-block-column-is-layout-flow\">\n<figure class=\"wp-block-gallery has-nested-images columns-default is-cropped wp-block-gallery-1 is-layout-flex wp-block-gallery-is-layout-flex\">\n<figure class=\"wp-block-image size-full animated fadeInUp slow\"><a href=\"https:\/\/www.camping-la-rochelle.com\/wp-content\/uploads\/2023\/05\/mobil-home-confort-au-mois-la-rochelle.jpg\"><img decoding=\"async\" width=\"434\" height=\"420\" data-id=\"5725\" src=\"https:\/\/www.camping-la-rochelle.com\/wp-content\/uploads\/2023\/05\/mobil-home-confort-au-mois-la-rochelle.jpg\" alt=\"mobil home confort au mois la rochelle\" class=\"wp-image-5725\" srcset=\"https:\/\/www.camping-la-rochelle.com\/wp-content\/uploads\/2023\/05\/mobil-home-confort-au-mois-la-rochelle.jpg 434w, https:\/\/www.camping-la-rochelle.com\/wp-content\/uploads\/2023\/05\/mobil-home-confort-au-mois-la-rochelle-300x290.jpg 300w\" sizes=\"(max-width: 434px) 100vw, 434px\" \/><\/a><\/figure>\n\n\n\n<figure class=\"wp-block-image size-full animated fadeInUp delay-200ms slow\"><a href=\"https:\/\/www.camping-la-rochelle.com\/wp-content\/uploads\/2023\/05\/louer-un-emplacement-tente-en-charente-maritime-1.jpg\"><img decoding=\"async\" width=\"434\" height=\"420\" data-id=\"5749\" src=\"https:\/\/www.camping-la-rochelle.com\/wp-content\/uploads\/2023\/05\/louer-un-emplacement-tente-en-charente-maritime-1.jpg\" alt=\"louer un emplacement tente en charente maritime\" class=\"wp-image-5749\" srcset=\"https:\/\/www.camping-la-rochelle.com\/wp-content\/uploads\/2023\/05\/louer-un-emplacement-tente-en-charente-maritime-1.jpg 434w, https:\/\/www.camping-la-rochelle.com\/wp-content\/uploads\/2023\/05\/louer-un-emplacement-tente-en-charente-maritime-1-300x290.jpg 300w\" sizes=\"(max-width: 434px) 100vw, 434px\" \/><\/a><\/figure>\n<\/figure>\n<\/div>\n<\/div>\n\n\r\n    <\/div>\r\n<\/section>\n\n<section id=\"ls-section-block_ef3dbfb6b40fabd5c4de37c8bab0721d\" class=\"ls-section  home-second page-two m-b-0 m-t-0 has-background-image has-parallax has-background has-color-5-background-color\" >\r\n    <div class=\"ls-section__background-image opacity-100\"><img decoding=\"async\" src=\"https:\/\/www.camping-la-rochelle.com\/wp-content\/uploads\/2023\/05\/Pataugeoire.webp\" alt=\"camping avec piscine et pataugeoire\"><\/div>    <div class=\"container container--wide\">\r\n        \n\n<div class=\"wp-block-columns is-layout-flex wp-container-core-columns-is-layout-9d6595d7 wp-block-columns-is-layout-flex\">\n<div class=\"wp-block-column is-vertically-aligned-center is-layout-flow wp-block-column-is-layout-flow\" style=\"flex-basis:60%\"><\/div>\n\n\n\n<div class=\"wp-block-column is-vertically-aligned-bottom is-layout-flow wp-block-column-is-layout-flow\" style=\"flex-basis:40%\">\n<h2 class=\"ls__heading wp-block-heading has-text-align-center beaulieu-arche\">One week in a mobile home<\/h2>\n\n\n\n<p class=\"ls-paragraph\">Among more than 100 accommodations on the campsite, you are bound to find the place of your dreams for your <strong>week in La Rochelle<\/strong>. Are you looking for an apartment with several rooms? We have a range of mobile homes from 1 to 3 bedrooms, offering up to 6 beds. They are all equipped, most with a bathroom.  <\/p>\n\n\n\n<p class=\"ls-paragraph\">They all have a terrace where you can enjoy your <strong>week in La Rochelle<\/strong> or even<a href=\"https:\/\/www.camping-la-rochelle.com\/en\/week-end-la-rochelle\/\">a weekend in La Roche<\/a>lle. And when you enter your mobile home, the main room will provide you with all the necessary comfort. Because yes, we are far from a studio, because they all have several rooms. And the advantage, compared to renting an apartment, is that you will have <strong>access to all our services <\/strong>:<strong> water park<\/strong>, wellness area, playground, restaurant &#8230;<\/p>\n\n\n\n<p class=\"ls-paragraph\">You can also benefit from a <strong>parking space<\/strong> in front of your mobile home, which is not the case for many rentals in France for example. <\/p>\n\n\n\n<h2 class=\"ls__heading wp-block-heading has-text-align-center\">7 days with the camping pool<\/h2>\n\n\n\n<p class=\"ls-paragraph\">Choosing a <strong>week&#8217;s rental in La Rochelle<\/strong>, at the Beaulieu campsite, rhymes with swimming pool and relaxation. Indeed, after having spent a restful night in one of our rentals, you can head to the aquatic area, with swimming pool and beach, ideal to entertain the young and the old!  <\/p>\n\n\n\n<p class=\"ls-paragraph addReadMore showlesscontent\">Thanks to the dome that can open and close depending on the weather, you can take a dip in any weather! You will discover an indoor part, an outdoor pool, a slide, a whirlpool, as well as water games. A <strong>weekly rental in La Rochelle<\/strong> with a swimming pool is guaranteed fun and relaxation, whether the weather is nice or not.<br><br>Note that the indoor pool is open from 4th April to 1st November and the outdoor pool from mid-May to mid-September. By the way! We also have a <a href=\"https:\/\/www.camping-la-rochelle.com\/en\/campsite-well-and-being-charente-maritime\/\">wellness area<\/a> with spa and jacuzzi from April to October.<\/p>\n<\/div>\n<\/div>\n\n\r\n    <\/div>\r\n<\/section>\n\n<section id=\"ls-section-block_2785d25289428b00b34c589698d5f66d\" class=\"ls-section  home-fifth page-three\" >\r\n        <div class=\"container container--full\">\r\n        \n\n<div class=\"wp-block-columns are-vertically-aligned-center is-layout-flex wp-container-core-columns-is-layout-9d6595d7 wp-block-columns-is-layout-flex\">\n<div class=\"wp-block-column is-vertically-aligned-center titre has-color-white-background-color has-background is-layout-flow wp-block-column-is-layout-flow\" style=\"flex-basis:40%\">\n<h2 class=\"ls__heading wp-block-heading beaulieu-tente\">La Rochelle in one week from a rental<\/h2>\n\n\n\n<p class=\"ls-paragraph\">During your <strong>week in your rental<\/strong>, you will have many activities to do. For example, you can go for a walk in the famous old port of La Rochelle in the evening, after having had a drink on a terrace, strolling in the streets in the heart of the city or going to the market in the morning.  <\/p>\n\n\n\n<p class=\"ls-paragraph\">There is a lot to do near the campsite. If you go a little further, you will surely find a beach to your liking. You are only a few kilometers from the island of R\u00e9 with villages like Ars en R\u00e9, and from the island of Ol\u00e9ron, with the city of Saint Georges d&#8217;Ol\u00e9ron.<\/p>\n<\/div>\n\n\n\n<div class=\"wp-block-column is-vertically-aligned-center is-layout-flow wp-block-column-is-layout-flow\" style=\"flex-basis:60%\">\n<figure class=\"wp-block-gallery has-nested-images columns-default is-cropped wp-block-gallery-2 is-layout-flex wp-block-gallery-is-layout-flex\">\n<figure class=\"wp-block-image size-full animated fadeInRight slow\"><a href=\"https:\/\/www.camping-la-rochelle.com\/wp-content\/uploads\/2023\/05\/visiter-la-rochelle-en-charente-maritime.jpg\"><img decoding=\"async\" width=\"1000\" height=\"900\" data-id=\"4110\" src=\"https:\/\/www.camping-la-rochelle.com\/wp-content\/uploads\/2023\/05\/visiter-la-rochelle-en-charente-maritime.jpg\" alt=\"visiter la rochelle en charente maritime\" class=\"wp-image-4110\" srcset=\"https:\/\/www.camping-la-rochelle.com\/wp-content\/uploads\/2023\/05\/visiter-la-rochelle-en-charente-maritime.jpg 1000w, https:\/\/www.camping-la-rochelle.com\/wp-content\/uploads\/2023\/05\/visiter-la-rochelle-en-charente-maritime-300x270.jpg 300w, https:\/\/www.camping-la-rochelle.com\/wp-content\/uploads\/2023\/05\/visiter-la-rochelle-en-charente-maritime-768x691.jpg 768w\" sizes=\"(max-width: 1000px) 100vw, 1000px\" \/><\/a><\/figure>\n\n\n\n<figure class=\"wp-block-image size-full animated fadeInRight delay-200ms slow\"><a href=\"https:\/\/www.camping-la-rochelle.com\/wp-content\/uploads\/2023\/05\/plage-fort-boyard-la-rochelle.jpg\"><img decoding=\"async\" width=\"514\" height=\"500\" data-id=\"5354\" src=\"https:\/\/www.camping-la-rochelle.com\/wp-content\/uploads\/2023\/05\/plage-fort-boyard-la-rochelle.jpg\" alt=\"fort boyard beach la rochelle\" class=\"wp-image-5354\" srcset=\"https:\/\/www.camping-la-rochelle.com\/wp-content\/uploads\/2023\/05\/plage-fort-boyard-la-rochelle.jpg 514w, https:\/\/www.camping-la-rochelle.com\/wp-content\/uploads\/2023\/05\/plage-fort-boyard-la-rochelle-300x292.jpg 300w\" sizes=\"(max-width: 514px) 100vw, 514px\" \/><\/a><\/figure>\n<\/figure>\n<\/div>\n<\/div>\n\n\r\n    <\/div>\r\n<\/section>\n\n<section id=\"ls-section-block_9f022648857d86ec385d0216b3c40e3d\" class=\"ls-section  contact-heb has-background has-color-5-background-color\" >\r\n        <div class=\"container container--wide\">\r\n        \n\n<div class=\"wp-block-columns is-layout-flex wp-container-core-columns-is-layout-9d6595d7 wp-block-columns-is-layout-flex\">\n<div class=\"wp-block-column is-vertically-aligned-center is-layout-flow wp-block-column-is-layout-flow\">\n<h2 class=\"ls__heading wp-block-heading beaulieu-tour-la-rochelle\">Need information or details? Ask us<\/h2>\n<\/div>\n\n\n\n<div class=\"wp-block-column is-layout-flow wp-block-column-is-layout-flow\">\n<div class=\"wpcf7 no-js\" id=\"wpcf7-f6235-o1\" lang=\"en-US\" dir=\"ltr\">\n<div class=\"screen-reader-response\"><p role=\"status\" aria-live=\"polite\" aria-atomic=\"true\"><\/p> <ul><\/ul><\/div>\n<form action=\"\/en\/wp-json\/wp\/v2\/pages\/6588#wpcf7-f6235-o1\" method=\"post\" class=\"wpcf7-form init\" aria-label=\"Contact form\" novalidate=\"novalidate\" data-status=\"init\">\n<div style=\"display: none;\">\n<input type=\"hidden\" name=\"_wpcf7\" value=\"6235\" \/>\n<input type=\"hidden\" name=\"_wpcf7_version\" value=\"5.9.8\" \/>\n<input type=\"hidden\" name=\"_wpcf7_locale\" value=\"en_US\" \/>\n<input type=\"hidden\" name=\"_wpcf7_unit_tag\" value=\"wpcf7-f6235-o1\" \/>\n<input type=\"hidden\" name=\"_wpcf7_container_post\" value=\"0\" \/>\n<input type=\"hidden\" name=\"_wpcf7_posted_data_hash\" value=\"\" \/>\n<input type=\"hidden\" name=\"_wpcf7_recaptcha_response\" value=\"\" \/>\n<\/div>\n<p><label> Your name<br \/>\n<span class=\"wpcf7-form-control-wrap\" data-name=\"your-name\"><input size=\"40\" maxlength=\"400\" class=\"wpcf7-form-control wpcf7-text wpcf7-validates-as-required\" autocomplete=\"name\" aria-required=\"true\" aria-invalid=\"false\" value=\"\" type=\"text\" name=\"your-name\" \/><\/span> <\/label>\n<\/p>\n<p><label> Your e-mail address<br \/>\n<span class=\"wpcf7-form-control-wrap\" data-name=\"your-email\"><input size=\"40\" maxlength=\"400\" class=\"wpcf7-form-control wpcf7-email wpcf7-validates-as-required wpcf7-text wpcf7-validates-as-email\" autocomplete=\"email\" aria-required=\"true\" aria-invalid=\"false\" value=\"\" type=\"email\" name=\"your-email\" \/><\/span> <\/label>\n<\/p>\n<p><label> Object<br \/>\n<span class=\"wpcf7-form-control-wrap\" data-name=\"your-subject\"><input size=\"40\" maxlength=\"400\" class=\"wpcf7-form-control wpcf7-text wpcf7-validates-as-required\" aria-required=\"true\" aria-invalid=\"false\" value=\"\" type=\"text\" name=\"your-subject\" \/><\/span> <\/label>\n<\/p>\n<p><label> Your message<br \/>\n<span class=\"wpcf7-form-control-wrap\" data-name=\"your-message\"><textarea cols=\"40\" rows=\"10\" maxlength=\"2000\" class=\"wpcf7-form-control wpcf7-textarea\" aria-invalid=\"false\" name=\"your-message\"><\/textarea><\/span> <\/label>\n<\/p>\n<p><span class=\"wpcf7-form-control-wrap\" data-name=\"acceptance-553\"><span class=\"wpcf7-form-control wpcf7-acceptance\"><span class=\"wpcf7-list-item\"><label><input type=\"checkbox\" name=\"acceptance-553\" value=\"1\" aria-invalid=\"false\" \/><span class=\"wpcf7-list-item-label\">By checking this box, I agree to the <a href=\"\/en\/privacy-policy\/\" rel=\"nofollow\" target=\"_blank\">Privacy Policy<\/a> of this site.<\/span><\/label><\/span><\/span><\/span><input class=\"wpcf7-form-control wpcf7-submit has-spinner\" type=\"submit\" value=\"Send\" \/>\n<\/p><div class=\"wpcf7-response-output\" aria-hidden=\"true\"><\/div>\n<\/form>\n<\/div>\n\n<\/div>\n<\/div>\n\n\r\n    <\/div>\r\n<\/section>\n\n<section id=\"ls-section-block_08f3550647717c04c3039b9014e4ba33\" class=\"ls-section  page-cta has-m-b m-b-3 has-p-t p-t-0\" >\r\n        <div class=\"container container--wide\">\r\n        \n\n<div id=\"ls-heading ls-titre-div-block_e8c62562a0b89b99868f9219e60f71ce\" class=\"ls-titre-div aligncenter h2-like\" >\n    Discover our  <br> <strong>other accommodations<\/strong><\/div>\n\n\n<div id=\"ls-maillage-block_41750e894042fb1f07f9e82a238f2737\" class=\"ls-maillage cta-style-normal\" data-rows=\"4\">\r\n    <div class=\"wp-block-columns\"><div class=\"wp-block-column\"><div class=\"ls-cta\">\n\n<a href=\"https:\/\/www.camping-la-rochelle.com\/en\/campsite-pitches-charente-maritime\/\" target=\"\" rel=\"noopener\" class=\"ls-cta__link\">\n\n\t<div class=\"ls-cta__image\"><img decoding=\"async\" src=\"https:\/\/www.camping-la-rochelle.com\/wp-content\/uploads\/2023\/05\/location-emplacement-tente-caravane-la-rochelle.jpg\" alt=\"location emplacement tente caravane la rochelle\"><\/div><span class=\"beaulieu-fleche\"><\/span>\n\t<div class=\"ls-cta__title\">\n\t\tPitches\t<\/div>\n\n\t\t\n<\/a><\/div><\/div><div class=\"wp-block-column\"><div class=\"ls-cta\">\n\n<a href=\"https:\/\/www.camping-la-rochelle.com\/en\/rent-mobil-homes-la-rochelle\/\" target=\"\" rel=\"noopener\" class=\"ls-cta__link\">\n\n\t<div class=\"ls-cta__image\"><img decoding=\"async\" src=\"https:\/\/www.camping-la-rochelle.com\/wp-content\/uploads\/2023\/05\/louer-un-mobil-home-familial-a-la-rochelle.jpg\" alt=\"louer un mobil home familial a la rochelle\"><\/div><span class=\"beaulieu-fleche\"><\/span>\n\t<div class=\"ls-cta__title\">\n\t\tMobile home\t<\/div>\n\n\t\t\n<\/a><\/div><\/div><div class=\"wp-block-column\"><div class=\"ls-cta\">\n\n<a href=\"https:\/\/www.camping-la-rochelle.com\/en\/rent-week-end-la-rochelle\/\" target=\"\" rel=\"noopener\" class=\"ls-cta__link\">\n\n\t<div class=\"ls-cta__image\"><img decoding=\"async\" src=\"https:\/\/www.camping-la-rochelle.com\/wp-content\/uploads\/2023\/04\/port-la-rochelle-camping-le-beaulieu-768x432.webp\" alt=\"Port La Rochelle Camping le Beaulieu\"><\/div><span class=\"beaulieu-fleche\"><\/span>\n\t<div class=\"ls-cta__title\">\n\t\tWeekend rental La Rochelle\t<\/div>\n\n\t\t\n<\/a><\/div><\/div><\/div><\/div>\n\r\n    <\/div>\r\n<\/section>","protected":false},"excerpt":{"rendered":"","protected":false},"author":1,"featured_media":5759,"parent":0,"menu_order":0,"comment_status":"closed","ping_status":"closed","template":"","meta":{"_acf_changed":false,"footnotes":""},"sujet":[],"class_list":["post-6588","page","type-page","status-publish","has-post-thumbnail","hentry"],"acf":[],"yoast_head":"<!-- This site is optimized with the Yoast SEO plugin v23.4 - https:\/\/yoast.com\/wordpress\/plugins\/seo\/ -->\n<title>Rent an accommodation in La Rochelle for a week<\/title>\n<meta name=\"robots\" content=\"index, follow, max-snippet:-1, max-image-preview:large, max-video-preview:-1\" \/>\n<link rel=\"canonical\" href=\"https:\/\/www.camping-la-rochelle.com\/en\/rental-week-la-rochelle\/\" \/>\n<meta property=\"og:locale\" content=\"en_US\" \/>\n<meta property=\"og:type\" content=\"article\" \/>\n<meta property=\"og:title\" content=\"Rent an accommodation in La Rochelle for a week\" \/>\n<meta property=\"og:url\" content=\"https:\/\/www.camping-la-rochelle.com\/en\/rental-week-la-rochelle\/\" \/>\n<meta property=\"og:site_name\" content=\"Camping le Beaulieu\" \/>\n<meta property=\"article:modified_time\" content=\"2025-11-28T10:53:21+00:00\" \/>\n<meta property=\"og:image\" content=\"https:\/\/www.camping-la-rochelle.com\/wp-content\/uploads\/2023\/05\/mobil-home-a-la-semaine-a-la-rochelle.jpg\" \/>\n\t<meta property=\"og:image:width\" content=\"1920\" \/>\n\t<meta property=\"og:image:height\" content=\"450\" \/>\n\t<meta property=\"og:image:type\" content=\"image\/jpeg\" \/>\n<meta name=\"twitter:card\" content=\"summary_large_image\" \/>\n<meta name=\"twitter:label1\" content=\"Est. reading time\" \/>\n\t<meta name=\"twitter:data1\" content=\"4 minutes\" \/>\n<script type=\"application\/ld+json\" class=\"yoast-schema-graph\">{\"@context\":\"https:\/\/schema.org\",\"@graph\":[{\"@type\":\"WebPage\",\"@id\":\"https:\/\/www.camping-la-rochelle.com\/en\/rental-week-la-rochelle\/\",\"url\":\"https:\/\/www.camping-la-rochelle.com\/en\/rental-week-la-rochelle\/\",\"name\":\"Rent an accommodation in La Rochelle for a week\",\"isPartOf\":{\"@id\":\"https:\/\/www.camping-la-rochelle.com\/en\/#website\"},\"primaryImageOfPage\":{\"@id\":\"https:\/\/www.camping-la-rochelle.com\/en\/rental-week-la-rochelle\/#primaryimage\"},\"image\":{\"@id\":\"https:\/\/www.camping-la-rochelle.com\/en\/rental-week-la-rochelle\/#primaryimage\"},\"thumbnailUrl\":\"https:\/\/www.camping-la-rochelle.com\/wp-content\/uploads\/2023\/05\/mobil-home-a-la-semaine-a-la-rochelle.jpg\",\"datePublished\":\"2023-05-24T13:51:09+00:00\",\"dateModified\":\"2025-11-28T10:53:21+00:00\",\"breadcrumb\":{\"@id\":\"https:\/\/www.camping-la-rochelle.com\/en\/rental-week-la-rochelle\/#breadcrumb\"},\"inLanguage\":\"en-US\",\"potentialAction\":[{\"@type\":\"ReadAction\",\"target\":[\"https:\/\/www.camping-la-rochelle.com\/en\/rental-week-la-rochelle\/\"]}]},{\"@type\":\"ImageObject\",\"inLanguage\":\"en-US\",\"@id\":\"https:\/\/www.camping-la-rochelle.com\/en\/rental-week-la-rochelle\/#primaryimage\",\"url\":\"https:\/\/www.camping-la-rochelle.com\/wp-content\/uploads\/2023\/05\/mobil-home-a-la-semaine-a-la-rochelle.jpg\",\"contentUrl\":\"https:\/\/www.camping-la-rochelle.com\/wp-content\/uploads\/2023\/05\/mobil-home-a-la-semaine-a-la-rochelle.jpg\",\"width\":1920,\"height\":450,\"caption\":\"mobil home a la semaine a la rochelle\"},{\"@type\":\"BreadcrumbList\",\"@id\":\"https:\/\/www.camping-la-rochelle.com\/en\/rental-week-la-rochelle\/#breadcrumb\",\"itemListElement\":[{\"@type\":\"ListItem\",\"position\":1,\"name\":\"Camping La Rochelle\",\"item\":\"https:\/\/www.camping-la-rochelle.com\/en\/\"},{\"@type\":\"ListItem\",\"position\":2,\"name\":\"Rent your accommodation for a week in La Rochelle\"}]},{\"@type\":\"WebSite\",\"@id\":\"https:\/\/www.camping-la-rochelle.com\/en\/#website\",\"url\":\"https:\/\/www.camping-la-rochelle.com\/en\/\",\"name\":\"Camping le Beaulieu\",\"description\":\"\",\"publisher\":{\"@id\":\"https:\/\/www.camping-la-rochelle.com\/en\/#organization\"},\"potentialAction\":[{\"@type\":\"SearchAction\",\"target\":{\"@type\":\"EntryPoint\",\"urlTemplate\":\"https:\/\/www.camping-la-rochelle.com\/en\/?s={search_term_string}\"},\"query-input\":{\"@type\":\"PropertyValueSpecification\",\"valueRequired\":true,\"valueName\":\"search_term_string\"}}],\"inLanguage\":\"en-US\"},{\"@type\":\"Organization\",\"@id\":\"https:\/\/www.camping-la-rochelle.com\/en\/#organization\",\"name\":\"Camping le Beaulieu\",\"url\":\"https:\/\/www.camping-la-rochelle.com\/en\/\",\"logo\":{\"@type\":\"ImageObject\",\"inLanguage\":\"en-US\",\"@id\":\"https:\/\/www.camping-la-rochelle.com\/en\/#\/schema\/logo\/image\/\",\"url\":\"https:\/\/www.camping-la-rochelle.com\/wp-content\/uploads\/2023\/04\/logo_beaulieu.png\",\"contentUrl\":\"https:\/\/www.camping-la-rochelle.com\/wp-content\/uploads\/2023\/04\/logo_beaulieu.png\",\"width\":744,\"height\":837,\"caption\":\"Camping le Beaulieu\"},\"image\":{\"@id\":\"https:\/\/www.camping-la-rochelle.com\/en\/#\/schema\/logo\/image\/\"}}]}<\/script>\n<!-- \/ Yoast SEO plugin. -->","yoast_head_json":{"title":"Rent an accommodation in La Rochelle for a week","robots":{"index":"index","follow":"follow","max-snippet":"max-snippet:-1","max-image-preview":"max-image-preview:large","max-video-preview":"max-video-preview:-1"},"canonical":"https:\/\/www.camping-la-rochelle.com\/en\/rental-week-la-rochelle\/","og_locale":"en_US","og_type":"article","og_title":"Rent an accommodation in La Rochelle for a week","og_url":"https:\/\/www.camping-la-rochelle.com\/en\/rental-week-la-rochelle\/","og_site_name":"Camping le Beaulieu","article_modified_time":"2025-11-28T10:53:21+00:00","og_image":[{"width":1920,"height":450,"url":"https:\/\/www.camping-la-rochelle.com\/wp-content\/uploads\/2023\/05\/mobil-home-a-la-semaine-a-la-rochelle.jpg","type":"image\/jpeg"}],"twitter_card":"summary_large_image","twitter_misc":{"Est. reading time":"4 minutes"},"schema":{"@context":"https:\/\/schema.org","@graph":[{"@type":"WebPage","@id":"https:\/\/www.camping-la-rochelle.com\/en\/rental-week-la-rochelle\/","url":"https:\/\/www.camping-la-rochelle.com\/en\/rental-week-la-rochelle\/","name":"Rent an accommodation in La Rochelle for a week","isPartOf":{"@id":"https:\/\/www.camping-la-rochelle.com\/en\/#website"},"primaryImageOfPage":{"@id":"https:\/\/www.camping-la-rochelle.com\/en\/rental-week-la-rochelle\/#primaryimage"},"image":{"@id":"https:\/\/www.camping-la-rochelle.com\/en\/rental-week-la-rochelle\/#primaryimage"},"thumbnailUrl":"https:\/\/www.camping-la-rochelle.com\/wp-content\/uploads\/2023\/05\/mobil-home-a-la-semaine-a-la-rochelle.jpg","datePublished":"2023-05-24T13:51:09+00:00","dateModified":"2025-11-28T10:53:21+00:00","breadcrumb":{"@id":"https:\/\/www.camping-la-rochelle.com\/en\/rental-week-la-rochelle\/#breadcrumb"},"inLanguage":"en-US","potentialAction":[{"@type":"ReadAction","target":["https:\/\/www.camping-la-rochelle.com\/en\/rental-week-la-rochelle\/"]}]},{"@type":"ImageObject","inLanguage":"en-US","@id":"https:\/\/www.camping-la-rochelle.com\/en\/rental-week-la-rochelle\/#primaryimage","url":"https:\/\/www.camping-la-rochelle.com\/wp-content\/uploads\/2023\/05\/mobil-home-a-la-semaine-a-la-rochelle.jpg","contentUrl":"https:\/\/www.camping-la-rochelle.com\/wp-content\/uploads\/2023\/05\/mobil-home-a-la-semaine-a-la-rochelle.jpg","width":1920,"height":450,"caption":"mobil home a la semaine a la rochelle"},{"@type":"BreadcrumbList","@id":"https:\/\/www.camping-la-rochelle.com\/en\/rental-week-la-rochelle\/#breadcrumb","itemListElement":[{"@type":"ListItem","position":1,"name":"Camping La Rochelle","item":"https:\/\/www.camping-la-rochelle.com\/en\/"},{"@type":"ListItem","position":2,"name":"Rent your accommodation for a week in La Rochelle"}]},{"@type":"WebSite","@id":"https:\/\/www.camping-la-rochelle.com\/en\/#website","url":"https:\/\/www.camping-la-rochelle.com\/en\/","name":"Camping le Beaulieu","description":"","publisher":{"@id":"https:\/\/www.camping-la-rochelle.com\/en\/#organization"},"potentialAction":[{"@type":"SearchAction","target":{"@type":"EntryPoint","urlTemplate":"https:\/\/www.camping-la-rochelle.com\/en\/?s={search_term_string}"},"query-input":{"@type":"PropertyValueSpecification","valueRequired":true,"valueName":"search_term_string"}}],"inLanguage":"en-US"},{"@type":"Organization","@id":"https:\/\/www.camping-la-rochelle.com\/en\/#organization","name":"Camping le Beaulieu","url":"https:\/\/www.camping-la-rochelle.com\/en\/","logo":{"@type":"ImageObject","inLanguage":"en-US","@id":"https:\/\/www.camping-la-rochelle.com\/en\/#\/schema\/logo\/image\/","url":"https:\/\/www.camping-la-rochelle.com\/wp-content\/uploads\/2023\/04\/logo_beaulieu.png","contentUrl":"https:\/\/www.camping-la-rochelle.com\/wp-content\/uploads\/2023\/04\/logo_beaulieu.png","width":744,"height":837,"caption":"Camping le Beaulieu"},"image":{"@id":"https:\/\/www.camping-la-rochelle.com\/en\/#\/schema\/logo\/image\/"}}]}},"_links":{"self":[{"href":"https:\/\/www.camping-la-rochelle.com\/en\/wp-json\/wp\/v2\/pages\/6588","targetHints":{"allow":["GET"]}}],"collection":[{"href":"https:\/\/www.camping-la-rochelle.com\/en\/wp-json\/wp\/v2\/pages"}],"about":[{"href":"https:\/\/www.camping-la-rochelle.com\/en\/wp-json\/wp\/v2\/types\/page"}],"author":[{"embeddable":true,"href":"https:\/\/www.camping-la-rochelle.com\/en\/wp-json\/wp\/v2\/users\/1"}],"replies":[{"embeddable":true,"href":"https:\/\/www.camping-la-rochelle.com\/en\/wp-json\/wp\/v2\/comments?post=6588"}],"version-history":[{"count":5,"href":"https:\/\/www.camping-la-rochelle.com\/en\/wp-json\/wp\/v2\/pages\/6588\/revisions"}],"predecessor-version":[{"id":7783,"href":"https:\/\/www.camping-la-rochelle.com\/en\/wp-json\/wp\/v2\/pages\/6588\/revisions\/7783"}],"wp:featuredmedia":[{"embeddable":true,"href":"https:\/\/www.camping-la-rochelle.com\/en\/wp-json\/wp\/v2\/media\/5759"}],"wp:attachment":[{"href":"https:\/\/www.camping-la-rochelle.com\/en\/wp-json\/wp\/v2\/media?parent=6588"}],"wp:term":[{"taxonomy":"sujet","embeddable":true,"href":"https:\/\/www.camping-la-rochelle.com\/en\/wp-json\/wp\/v2\/sujet?post=6588"}],"curies":[{"name":"wp","href":"https:\/\/api.w.org\/{rel}","templated":true}]}}